{"id":1240,"date":"2020-11-11T10:30:32","date_gmt":"2020-11-11T10:30:32","guid":{"rendered":"https:\/\/pinturaeltaller.com\/?page_id=1240"},"modified":"2021-03-03T15:50:41","modified_gmt":"2021-03-03T15:50:41","slug":"el-taller","status":"publish","type":"page","link":"https:\/\/pinturaeltaller.com\/?page_id=1240","title":{"rendered":"EL TALLER"},"content":{"rendered":"<div class=\"wpb-content-wrapper\"><p>[vc_row type=\u00bbboxed\u00bb css=\u00bb.vc_custom_1605521787426{margin-top: 20px !important;}\u00bb][vc_column width=\u00bb5\/12&#8243;]\r\n\t\t\t<div class=\"nm-banner content-full image-type-fluid text-color-light subtitle-below\" style=\"\"><img decoding=\"async\" src=\"https:\/\/pinturaeltaller.com\/wp-content\/uploads\/2021\/03\/el-taller-ajustado.png\" alt=\"el-taller-ajustado\" \/>\r\n\t\t\t\t<div class=\"nm-banner-content\">\r\n\t\t\t\t\t<div class=\"nm-banner-content-inner h_right v_top align_left\">\r\n\t\t\t\t\t\t<div class=\"nm-banner-text medium\" style=\"\">\r\n\t\t\t\t\t\t\t<div class=\"nm-banner-text-inner\"><h2 class=\"nm-banner-title\">Pintura <strong>el taller<\/strong><\/h2><\/div>\r\n\t\t\t\t\t\t<\/div>\r\n\t\t\t\t\t<\/div>\r\n\t\t\t\t<\/div>\r\n\t\t\t<\/div>[\/vc_column][vc_column width=\u00bb7\/12&#8243; css=\u00bb.vc_custom_1605521828287{margin-top: 30px !important;}\u00bb][vc_column_text]<\/p>\n<p style=\"text-align: left;\">Es un viaje a los cinco sentidos. Un viaje de texturas hecho a mano. Es una casa, tambi\u00e9n es un taller. Es una mirada contempor\u00e1nea al savoir faire de antes.<\/p>\n<p style=\"text-align: left;\">Nace de la necesidad de su creadora Mar\u00eda Dolores Mart\u00ednez, de trabajar con esos tonos especiales que no encontraba en el mercado. Despu\u00e9s de experimentar con distintos materiales consigui\u00f3 esta pintura enyesada especial por su fuerte adherencia sobre cualquier superficie y colorido.<\/p>\n<p style=\"text-align: left;\">Una pintura perfecta para reciclar y dar otra vida a cualquier mueble u objeto. La especial pigmentaci\u00f3n consigue tonos naturales ricos en matices y acabado mate. Resistente al aire libre es perfecta para acabados en madera, hierro, aluminio, cristal.<\/p>\n<p style=\"text-align: left;\">Decapados, veladuras, craquelados, p\u00e1tinas, evocan esta relaci\u00f3n con la tierra y una mirada a la naturaleza como punto de partida.<\/p>\n<p>[\/vc_column_text][\/vc_column][\/vc_row]<\/p>\n<\/div>","protected":false},"excerpt":{"rendered":"<p>[vc_row type=\u00bbboxed\u00bb css=\u00bb.vc_custom_1605521787426{margin-top: 20px !important;}\u00bb][vc_column width=\u00bb5\/12&#8243;][\/vc_column][vc_column width=\u00bb7\/12&#8243; css=\u00bb.vc_custom_1605521828287{margin-top: 30px !important;}\u00bb][vc_column_text] Es un viaje a los cinco sentidos. Un viaje de texturas hecho a mano. Es una casa, tambi\u00e9n es un taller. Es una mirada contempor\u00e1nea al savoir faire de antes. Nace de la necesidad de su creadora Mar\u00eda Dolores Mart\u00ednez, de trabajar con esos tonos &hellip;<\/p>\n","protected":false},"author":2,"featured_media":0,"parent":0,"menu_order":0,"comment_status":"closed","ping_status":"closed","template":"","meta":{"footnotes":""},"class_list":["post-1240","page","type-page","status-publish","hentry"],"yoast_head":"<!-- This site is optimized with the Yoast SEO plugin v27.2 - https:\/\/yoast.com\/product\/yoast-seo-wordpress\/ -->\n<title>EL TALLER - El Taller<\/title>\n<meta name=\"robots\" content=\"index, follow, max-snippet:-1, max-image-preview:large, max-video-preview:-1\" \/>\n<link rel=\"canonical\" href=\"https:\/\/pinturaeltaller.com\/?page_id=1240\" \/>\n<meta property=\"og:locale\" content=\"es_ES\" \/>\n<meta property=\"og:type\" content=\"article\" \/>\n<meta property=\"og:title\" content=\"EL TALLER - El Taller\" \/>\n<meta property=\"og:description\" content=\"[vc_row type=\u00bbboxed\u00bb css=\u00bb.vc_custom_1605521787426{margin-top: 20px !important;}\u00bb][vc_column width=\u00bb5\/12&#8243;][\/vc_column][vc_column width=\u00bb7\/12&#8243; css=\u00bb.vc_custom_1605521828287{margin-top: 30px !important;}\u00bb][vc_column_text] Es un viaje a los cinco sentidos. Un viaje de texturas hecho a mano. Es una casa, tambi\u00e9n es un taller. Es una mirada contempor\u00e1nea al savoir faire de antes. Nace de la necesidad de su creadora Mar\u00eda Dolores Mart\u00ednez, de trabajar con esos tonos &hellip;\" \/>\n<meta property=\"og:url\" content=\"https:\/\/pinturaeltaller.com\/?page_id=1240\" \/>\n<meta property=\"og:site_name\" content=\"El Taller\" \/>\n<meta property=\"article:modified_time\" content=\"2021-03-03T15:50:41+00:00\" \/>\n<meta name=\"twitter:card\" content=\"summary_large_image\" \/>\n<meta name=\"twitter:label1\" content=\"Tiempo de lectura\" \/>\n\t<meta name=\"twitter:data1\" content=\"1 minuto\" \/>\n<script type=\"application\/ld+json\" class=\"yoast-schema-graph\">{\"@context\":\"https:\/\/schema.org\",\"@graph\":[{\"@type\":\"WebPage\",\"@id\":\"https:\/\/pinturaeltaller.com\/?page_id=1240\",\"url\":\"https:\/\/pinturaeltaller.com\/?page_id=1240\",\"name\":\"EL TALLER - El Taller\",\"isPartOf\":{\"@id\":\"https:\/\/pinturaeltaller.com\/#website\"},\"datePublished\":\"2020-11-11T10:30:32+00:00\",\"dateModified\":\"2021-03-03T15:50:41+00:00\",\"breadcrumb\":{\"@id\":\"https:\/\/pinturaeltaller.com\/?page_id=1240#breadcrumb\"},\"inLanguage\":\"es\",\"potentialAction\":[{\"@type\":\"ReadAction\",\"target\":[\"https:\/\/pinturaeltaller.com\/?page_id=1240\"]}]},{\"@type\":\"BreadcrumbList\",\"@id\":\"https:\/\/pinturaeltaller.com\/?page_id=1240#breadcrumb\",\"itemListElement\":[{\"@type\":\"ListItem\",\"position\":1,\"name\":\"Portada\",\"item\":\"https:\/\/pinturaeltaller.com\/\"},{\"@type\":\"ListItem\",\"position\":2,\"name\":\"EL TALLER\"}]},{\"@type\":\"WebSite\",\"@id\":\"https:\/\/pinturaeltaller.com\/#website\",\"url\":\"https:\/\/pinturaeltaller.com\/\",\"name\":\"El Taller\",\"description\":\"Pintura enyesada al agua para todas las superficies.Restauracion de muebles.Texturas y acabados.\",\"potentialAction\":[{\"@type\":\"SearchAction\",\"target\":{\"@type\":\"EntryPoint\",\"urlTemplate\":\"https:\/\/pinturaeltaller.com\/?s={search_term_string}\"},\"query-input\":{\"@type\":\"PropertyValueSpecification\",\"valueRequired\":true,\"valueName\":\"search_term_string\"}}],\"inLanguage\":\"es\"}]}<\/script>\n<!-- \/ Yoast SEO plugin. -->","yoast_head_json":{"title":"EL TALLER - El Taller","robots":{"index":"index","follow":"follow","max-snippet":"max-snippet:-1","max-image-preview":"max-image-preview:large","max-video-preview":"max-video-preview:-1"},"canonical":"https:\/\/pinturaeltaller.com\/?page_id=1240","og_locale":"es_ES","og_type":"article","og_title":"EL TALLER - El Taller","og_description":"[vc_row type=\u00bbboxed\u00bb css=\u00bb.vc_custom_1605521787426{margin-top: 20px !important;}\u00bb][vc_column width=\u00bb5\/12&#8243;][\/vc_column][vc_column width=\u00bb7\/12&#8243; css=\u00bb.vc_custom_1605521828287{margin-top: 30px !important;}\u00bb][vc_column_text] Es un viaje a los cinco sentidos. Un viaje de texturas hecho a mano. Es una casa, tambi\u00e9n es un taller. Es una mirada contempor\u00e1nea al savoir faire de antes. Nace de la necesidad de su creadora Mar\u00eda Dolores Mart\u00ednez, de trabajar con esos tonos &hellip;","og_url":"https:\/\/pinturaeltaller.com\/?page_id=1240","og_site_name":"El Taller","article_modified_time":"2021-03-03T15:50:41+00:00","twitter_card":"summary_large_image","twitter_misc":{"Tiempo de lectura":"1 minuto"},"schema":{"@context":"https:\/\/schema.org","@graph":[{"@type":"WebPage","@id":"https:\/\/pinturaeltaller.com\/?page_id=1240","url":"https:\/\/pinturaeltaller.com\/?page_id=1240","name":"EL TALLER - El Taller","isPartOf":{"@id":"https:\/\/pinturaeltaller.com\/#website"},"datePublished":"2020-11-11T10:30:32+00:00","dateModified":"2021-03-03T15:50:41+00:00","breadcrumb":{"@id":"https:\/\/pinturaeltaller.com\/?page_id=1240#breadcrumb"},"inLanguage":"es","potentialAction":[{"@type":"ReadAction","target":["https:\/\/pinturaeltaller.com\/?page_id=1240"]}]},{"@type":"BreadcrumbList","@id":"https:\/\/pinturaeltaller.com\/?page_id=1240#breadcrumb","itemListElement":[{"@type":"ListItem","position":1,"name":"Portada","item":"https:\/\/pinturaeltaller.com\/"},{"@type":"ListItem","position":2,"name":"EL TALLER"}]},{"@type":"WebSite","@id":"https:\/\/pinturaeltaller.com\/#website","url":"https:\/\/pinturaeltaller.com\/","name":"El Taller","description":"Pintura enyesada al agua para todas las superficies.Restauracion de muebles.Texturas y acabados.","potentialAction":[{"@type":"SearchAction","target":{"@type":"EntryPoint","urlTemplate":"https:\/\/pinturaeltaller.com\/?s={search_term_string}"},"query-input":{"@type":"PropertyValueSpecification","valueRequired":true,"valueName":"search_term_string"}}],"inLanguage":"es"}]}},"jetpack_sharing_enabled":true,"_links":{"self":[{"href":"https:\/\/pinturaeltaller.com\/index.php?rest_route=\/wp\/v2\/pages\/1240","targetHints":{"allow":["GET"]}}],"collection":[{"href":"https:\/\/pinturaeltaller.com\/index.php?rest_route=\/wp\/v2\/pages"}],"about":[{"href":"https:\/\/pinturaeltaller.com\/index.php?rest_route=\/wp\/v2\/types\/page"}],"author":[{"embeddable":true,"href":"https:\/\/pinturaeltaller.com\/index.php?rest_route=\/wp\/v2\/users\/2"}],"replies":[{"embeddable":true,"href":"https:\/\/pinturaeltaller.com\/index.php?rest_route=%2Fwp%2Fv2%2Fcomments&post=1240"}],"version-history":[{"count":16,"href":"https:\/\/pinturaeltaller.com\/index.php?rest_route=\/wp\/v2\/pages\/1240\/revisions"}],"predecessor-version":[{"id":1765,"href":"https:\/\/pinturaeltaller.com\/index.php?rest_route=\/wp\/v2\/pages\/1240\/revisions\/1765"}],"wp:attachment":[{"href":"https:\/\/pinturaeltaller.com\/index.php?rest_route=%2Fwp%2Fv2%2Fmedia&parent=1240"}],"curies":[{"name":"wp","href":"https:\/\/api.w.org\/{rel}","templated":true}]}}