{"id":1244,"date":"2020-11-11T10:31:26","date_gmt":"2020-11-11T10:31:26","guid":{"rendered":"https:\/\/pinturaeltaller.com\/?page_id=1244"},"modified":"2021-03-03T15:51:44","modified_gmt":"2021-03-03T15:51:44","slug":"la-paleta","status":"publish","type":"page","link":"https:\/\/pinturaeltaller.com\/?page_id=1244","title":{"rendered":"LA PALETA"},"content":{"rendered":"<div class=\"wpb-content-wrapper\"><p>[vc_row type=\u00bbboxed\u00bb][vc_column]\r\n\t\t\t<div class=\"nm-banner content-full image-type-fluid text-color-dark subtitle-below\" style=\"\"><img decoding=\"async\" src=\"https:\/\/pinturaeltaller.com\/wp-content\/uploads\/2021\/03\/banner-paleta.png\" alt=\"banner-paleta\" \/>\r\n\t\t\t<\/div>[vc_empty_space height=\u00bb30px\u00bb][vc_column_text]<\/p>\n<p style=\"text-align: center;\">Tonos inspirados en la naturaleza en la campi\u00f1a andaluza, donde nace y en el acabado que el paso del tiempo a\u00f1ade a cualquier color.<\/p>\n<p style=\"text-align: center;\">Tonos desgastados, otros m\u00e1s luminosos y una cuidada paleta que permite despertar los cinco sentidos.<\/p>\n<p>[\/vc_column_text][vc_empty_space height=\u00bb30px\u00bb][\/vc_column][\/vc_row][vc_row equal_height=\u00bbyes\u00bb css=\u00bb.vc_custom_1611926787552{margin-top: 20px !important;}\u00bb][vc_column width=\u00bb1\/4&#8243; css=\u00bb.vc_custom_1611926905172{padding-right: 0px !important;}\u00bb][vc_single_image image=\u00bb1500&#8243; img_size=\u00bb437&#215;580&#8243; alignment=\u00bbcenter\u00bb onclick=\u00bbcustom_link\u00bb link=\u00bbhttps:\/\/pinturaeltaller.com\/product\/color-no16\/\u00bb][vc_column_text css=\u00bb.vc_custom_1614784949123{margin-top: 5px !important;}\u00bb el_class=\u00bbnumero-pintura\u00bb]<\/p>\n<p style=\"text-align: center; color: black;\">n\u00ba 16<\/p>\n<p>[\/vc_column_text][\/vc_column][vc_column width=\u00bb1\/4&#8243; css=\u00bb.vc_custom_1611926911077{padding-right: 0px !important;padding-left: 0px !important;}\u00bb][vc_single_image image=\u00bb1501&#8243; img_size=\u00bb437&#215;580&#8243; alignment=\u00bbcenter\u00bb][vc_column_text css=\u00bb.vc_custom_1614331749807{margin-top: 5px !important;}\u00bb el_class=\u00bbnumero-pintura\u00bb][\/vc_column_text][\/vc_column][vc_column width=\u00bb1\/4&#8243; css=\u00bb.vc_custom_1611926916759{padding-left: 0px !important;}\u00bb][vc_single_image image=\u00bb1502&#8243; img_size=\u00bb437&#215;580&#8243; alignment=\u00bbcenter\u00bb onclick=\u00bbcustom_link\u00bb link=\u00bbhttps:\/\/pinturaeltaller.com\/product\/color-no6\/\u00bb][vc_column_text css=\u00bb.vc_custom_1614784955236{margin-top: 5px !important;}\u00bb el_class=\u00bbnumero-pintura\u00bb]<\/p>\n<p style=\"text-align: center; color: black;\">n\u00ba 6<\/p>\n<p>[\/vc_column_text][\/vc_column][vc_column width=\u00bb1\/4&#8243;][vc_single_image image=\u00bb1541&#8243; img_size=\u00bb437&#215;580&#8243; alignment=\u00bbcenter\u00bb onclick=\u00bbcustom_link\u00bb link=\u00bbhttps:\/\/pinturaeltaller.com\/product\/color-no26\/\u00bb][vc_column_text css=\u00bb.vc_custom_1614784943387{margin-top: 5px !important;}\u00bb el_class=\u00bbnumero-pintura\u00bb]<\/p>\n<p style=\"text-align: center; color: black;\">n\u00ba 26<\/p>\n<p>[\/vc_column_text][\/vc_column][\/vc_row][vc_row equal_height=\u00bbyes\u00bb css=\u00bb.vc_custom_1611926787552{margin-top: 20px !important;}\u00bb][vc_column width=\u00bb1\/4&#8243; css=\u00bb.vc_custom_1611926911077{padding-right: 0px !important;padding-left: 0px !important;}\u00bb][vc_single_image image=\u00bb1542&#8243; img_size=\u00bb437&#215;580&#8243; alignment=\u00bbcenter\u00bb][vc_column_text css=\u00bb.vc_custom_1614331761127{margin-top: 5px !important;}\u00bb el_class=\u00bbnumero-pintura\u00bb][\/vc_column_text][\/vc_column][vc_column width=\u00bb1\/4&#8243; css=\u00bb.vc_custom_1611926916759{padding-left: 0px !important;}\u00bb][vc_single_image image=\u00bb1543&#8243; img_size=\u00bb437&#215;580&#8243; alignment=\u00bbcenter\u00bb][vc_column_text css=\u00bb.vc_custom_1614331768721{margin-top: 5px !important;}\u00bb el_class=\u00bbnumero-pintura\u00bb][\/vc_column_text][\/vc_column][vc_column width=\u00bb1\/4&#8243;][vc_single_image image=\u00bb1512&#8243; img_size=\u00bb437&#215;580&#8243; alignment=\u00bbcenter\u00bb onclick=\u00bbcustom_link\u00bb link=\u00bbhttps:\/\/pinturaeltaller.com\/product\/color-no4\/\u00bb][vc_column_text css=\u00bb.vc_custom_1614784924252{margin-top: 5px !important;}\u00bb el_class=\u00bbnumero-pintura\u00bb]<\/p>\n<p style=\"text-align: center;\">n\u00ba 4<\/p>\n<p>[\/vc_column_text][\/vc_column][vc_column width=\u00bb1\/4&#8243;][vc_single_image image=\u00bb1513&#8243; img_size=\u00bb437&#215;580&#8243; alignment=\u00bbcenter\u00bb][vc_column_text css=\u00bb.vc_custom_1614331783841{margin-top: 5px !important;}\u00bb el_class=\u00bbnumero-pintura\u00bb][\/vc_column_text][\/vc_column][\/vc_row][vc_row equal_height=\u00bbyes\u00bb css=\u00bb.vc_custom_1611926787552{margin-top: 20px !important;}\u00bb][vc_column width=\u00bb1\/4&#8243; css=\u00bb.vc_custom_1611926916759{padding-left: 0px !important;}\u00bb][vc_single_image image=\u00bb1514&#8243; img_size=\u00bb437&#215;580&#8243; alignment=\u00bbcenter\u00bb onclick=\u00bbcustom_link\u00bb link=\u00bbhttps:\/\/pinturaeltaller.com\/product\/color-no21\/\u00bb][vc_column_text css=\u00bb.vc_custom_1614784937612{margin-top: 5px !important;}\u00bb el_class=\u00bbnumero-pintura\u00bb]<\/p>\n<p style=\"text-align: center; color: black;\">n\u00ba 21<\/p>\n<p>[\/vc_column_text][\/vc_column][vc_column width=\u00bb1\/4&#8243;][\/vc_column][vc_column width=\u00bb1\/4&#8243;][\/vc_column][vc_column width=\u00bb1\/4&#8243;][\/vc_column][\/vc_row]<\/p>\n<\/div>","protected":false},"excerpt":{"rendered":"<p>[vc_row type=\u00bbboxed\u00bb][vc_column][vc_empty_space height=\u00bb30px\u00bb][vc_column_text] Tonos inspirados en la naturaleza en la campi\u00f1a andaluza, donde nace y en el acabado que el paso del tiempo a\u00f1ade a cualquier color. Tonos desgastados, otros m\u00e1s luminosos y una cuidada paleta que permite despertar los cinco sentidos. [\/vc_column_text][vc_empty_space height=\u00bb30px\u00bb][\/vc_column][\/vc_row][vc_row equal_height=\u00bbyes\u00bb css=\u00bb.vc_custom_1611926787552{margin-top: 20px !important;}\u00bb][vc_column width=\u00bb1\/4&#8243; css=\u00bb.vc_custom_1611926905172{padding-right: 0px !important;}\u00bb][vc_single_image image=\u00bb1500&#8243; img_size=\u00bb437&#215;580&#8243; alignment=\u00bbcenter\u00bb &hellip;<\/p>\n","protected":false},"author":2,"featured_media":0,"parent":0,"menu_order":0,"comment_status":"closed","ping_status":"closed","template":"","meta":{"footnotes":""},"class_list":["post-1244","page","type-page","status-publish","hentry"],"yoast_head":"<!-- This site is optimized with the Yoast SEO plugin v27.2 - https:\/\/yoast.com\/product\/yoast-seo-wordpress\/ -->\n<title>LA PALETA - El Taller<\/title>\n<meta name=\"robots\" content=\"index, follow, max-snippet:-1, max-image-preview:large, max-video-preview:-1\" \/>\n<link rel=\"canonical\" href=\"https:\/\/pinturaeltaller.com\/?page_id=1244\" \/>\n<meta property=\"og:locale\" content=\"es_ES\" \/>\n<meta property=\"og:type\" content=\"article\" \/>\n<meta property=\"og:title\" content=\"LA PALETA - El Taller\" \/>\n<meta property=\"og:description\" content=\"[vc_row type=\u00bbboxed\u00bb][vc_column][vc_empty_space height=\u00bb30px\u00bb][vc_column_text] Tonos inspirados en la naturaleza en la campi\u00f1a andaluza, donde nace y en el acabado que el paso del tiempo a\u00f1ade a cualquier color. Tonos desgastados, otros m\u00e1s luminosos y una cuidada paleta que permite despertar los cinco sentidos. [\/vc_column_text][vc_empty_space height=\u00bb30px\u00bb][\/vc_column][\/vc_row][vc_row equal_height=\u00bbyes\u00bb css=\u00bb.vc_custom_1611926787552{margin-top: 20px !important;}\u00bb][vc_column width=\u00bb1\/4&#8243; css=\u00bb.vc_custom_1611926905172{padding-right: 0px !important;}\u00bb][vc_single_image image=\u00bb1500&#8243; img_size=\u00bb437&#215;580&#8243; alignment=\u00bbcenter\u00bb &hellip;\" \/>\n<meta property=\"og:url\" content=\"https:\/\/pinturaeltaller.com\/?page_id=1244\" \/>\n<meta property=\"og:site_name\" content=\"El Taller\" \/>\n<meta property=\"article:modified_time\" content=\"2021-03-03T15:51:44+00:00\" \/>\n<meta name=\"twitter:card\" content=\"summary_large_image\" \/>\n<meta name=\"twitter:label1\" content=\"Tiempo de lectura\" \/>\n\t<meta name=\"twitter:data1\" content=\"2 minutos\" \/>\n<script type=\"application\/ld+json\" class=\"yoast-schema-graph\">{\"@context\":\"https:\/\/schema.org\",\"@graph\":[{\"@type\":\"WebPage\",\"@id\":\"https:\/\/pinturaeltaller.com\/?page_id=1244\",\"url\":\"https:\/\/pinturaeltaller.com\/?page_id=1244\",\"name\":\"LA PALETA - El Taller\",\"isPartOf\":{\"@id\":\"https:\/\/pinturaeltaller.com\/#website\"},\"datePublished\":\"2020-11-11T10:31:26+00:00\",\"dateModified\":\"2021-03-03T15:51:44+00:00\",\"breadcrumb\":{\"@id\":\"https:\/\/pinturaeltaller.com\/?page_id=1244#breadcrumb\"},\"inLanguage\":\"es\",\"potentialAction\":[{\"@type\":\"ReadAction\",\"target\":[\"https:\/\/pinturaeltaller.com\/?page_id=1244\"]}]},{\"@type\":\"BreadcrumbList\",\"@id\":\"https:\/\/pinturaeltaller.com\/?page_id=1244#breadcrumb\",\"itemListElement\":[{\"@type\":\"ListItem\",\"position\":1,\"name\":\"Portada\",\"item\":\"https:\/\/pinturaeltaller.com\/\"},{\"@type\":\"ListItem\",\"position\":2,\"name\":\"LA PALETA\"}]},{\"@type\":\"WebSite\",\"@id\":\"https:\/\/pinturaeltaller.com\/#website\",\"url\":\"https:\/\/pinturaeltaller.com\/\",\"name\":\"El Taller\",\"description\":\"Pintura enyesada al agua para todas las superficies.Restauracion de muebles.Texturas y acabados.\",\"potentialAction\":[{\"@type\":\"SearchAction\",\"target\":{\"@type\":\"EntryPoint\",\"urlTemplate\":\"https:\/\/pinturaeltaller.com\/?s={search_term_string}\"},\"query-input\":{\"@type\":\"PropertyValueSpecification\",\"valueRequired\":true,\"valueName\":\"search_term_string\"}}],\"inLanguage\":\"es\"}]}<\/script>\n<!-- \/ Yoast SEO plugin. -->","yoast_head_json":{"title":"LA PALETA - El Taller","robots":{"index":"index","follow":"follow","max-snippet":"max-snippet:-1","max-image-preview":"max-image-preview:large","max-video-preview":"max-video-preview:-1"},"canonical":"https:\/\/pinturaeltaller.com\/?page_id=1244","og_locale":"es_ES","og_type":"article","og_title":"LA PALETA - El Taller","og_description":"[vc_row type=\u00bbboxed\u00bb][vc_column][vc_empty_space height=\u00bb30px\u00bb][vc_column_text] Tonos inspirados en la naturaleza en la campi\u00f1a andaluza, donde nace y en el acabado que el paso del tiempo a\u00f1ade a cualquier color. Tonos desgastados, otros m\u00e1s luminosos y una cuidada paleta que permite despertar los cinco sentidos. [\/vc_column_text][vc_empty_space height=\u00bb30px\u00bb][\/vc_column][\/vc_row][vc_row equal_height=\u00bbyes\u00bb css=\u00bb.vc_custom_1611926787552{margin-top: 20px !important;}\u00bb][vc_column width=\u00bb1\/4&#8243; css=\u00bb.vc_custom_1611926905172{padding-right: 0px !important;}\u00bb][vc_single_image image=\u00bb1500&#8243; img_size=\u00bb437&#215;580&#8243; alignment=\u00bbcenter\u00bb &hellip;","og_url":"https:\/\/pinturaeltaller.com\/?page_id=1244","og_site_name":"El Taller","article_modified_time":"2021-03-03T15:51:44+00:00","twitter_card":"summary_large_image","twitter_misc":{"Tiempo de lectura":"2 minutos"},"schema":{"@context":"https:\/\/schema.org","@graph":[{"@type":"WebPage","@id":"https:\/\/pinturaeltaller.com\/?page_id=1244","url":"https:\/\/pinturaeltaller.com\/?page_id=1244","name":"LA PALETA - El Taller","isPartOf":{"@id":"https:\/\/pinturaeltaller.com\/#website"},"datePublished":"2020-11-11T10:31:26+00:00","dateModified":"2021-03-03T15:51:44+00:00","breadcrumb":{"@id":"https:\/\/pinturaeltaller.com\/?page_id=1244#breadcrumb"},"inLanguage":"es","potentialAction":[{"@type":"ReadAction","target":["https:\/\/pinturaeltaller.com\/?page_id=1244"]}]},{"@type":"BreadcrumbList","@id":"https:\/\/pinturaeltaller.com\/?page_id=1244#breadcrumb","itemListElement":[{"@type":"ListItem","position":1,"name":"Portada","item":"https:\/\/pinturaeltaller.com\/"},{"@type":"ListItem","position":2,"name":"LA PALETA"}]},{"@type":"WebSite","@id":"https:\/\/pinturaeltaller.com\/#website","url":"https:\/\/pinturaeltaller.com\/","name":"El Taller","description":"Pintura enyesada al agua para todas las superficies.Restauracion de muebles.Texturas y acabados.","potentialAction":[{"@type":"SearchAction","target":{"@type":"EntryPoint","urlTemplate":"https:\/\/pinturaeltaller.com\/?s={search_term_string}"},"query-input":{"@type":"PropertyValueSpecification","valueRequired":true,"valueName":"search_term_string"}}],"inLanguage":"es"}]}},"jetpack_sharing_enabled":true,"_links":{"self":[{"href":"https:\/\/pinturaeltaller.com\/index.php?rest_route=\/wp\/v2\/pages\/1244","targetHints":{"allow":["GET"]}}],"collection":[{"href":"https:\/\/pinturaeltaller.com\/index.php?rest_route=\/wp\/v2\/pages"}],"about":[{"href":"https:\/\/pinturaeltaller.com\/index.php?rest_route=\/wp\/v2\/types\/page"}],"author":[{"embeddable":true,"href":"https:\/\/pinturaeltaller.com\/index.php?rest_route=\/wp\/v2\/users\/2"}],"replies":[{"embeddable":true,"href":"https:\/\/pinturaeltaller.com\/index.php?rest_route=%2Fwp%2Fv2%2Fcomments&post=1244"}],"version-history":[{"count":22,"href":"https:\/\/pinturaeltaller.com\/index.php?rest_route=\/wp\/v2\/pages\/1244\/revisions"}],"predecessor-version":[{"id":1356,"href":"https:\/\/pinturaeltaller.com\/index.php?rest_route=\/wp\/v2\/pages\/1244\/revisions\/1356"}],"wp:attachment":[{"href":"https:\/\/pinturaeltaller.com\/index.php?rest_route=%2Fwp%2Fv2%2Fmedia&parent=1244"}],"curies":[{"name":"wp","href":"https:\/\/api.w.org\/{rel}","templated":true}]}}