{"id":1322,"date":"2020-11-16T09:06:19","date_gmt":"2020-11-16T09:06:19","guid":{"rendered":"https:\/\/pinturaeltaller.com\/?page_id=1322"},"modified":"2021-03-17T08:36:36","modified_gmt":"2021-03-17T08:36:36","slug":"politica-de-cookies","status":"publish","type":"page","link":"https:\/\/pinturaeltaller.com\/?page_id=1322","title":{"rendered":"Pol\u00edtica de Cookies"},"content":{"rendered":"\n<h2 class=\"nm-block-heading wp-block-heading\"><strong>Antecedentes<\/strong><\/h2>\n\n\n\n<p>De conformidad con la normativa espa\u00f1ola que regula el uso de cookies en relaci\u00f3n a la prestaci\u00f3n de servicios de comunicaciones electr\u00f3nicas, recogida en el Real Decreto Ley 13\/2012 del 30 de marzo, le informamos sobre las cookies utilizadas en el sitio web de MARIA DOLORES MARTINEZ ABOLAFIA y el motivo de su uso. Asimismo, le informa de que al navegar en el Sitio Web usted est\u00e1 prestando su consentimiento para poder utilizarlas.<\/p>\n\n\n\n<h2 class=\"nm-block-heading wp-block-heading\"><strong>\u00bfQue son las cookies?<\/strong><\/h2>\n\n\n\n<p>Una cookie es un fichero que se descarga en su ordenador al acceder a determinadas p\u00e1ginas web. Las cookies permiten a una p\u00e1gina web, entre otras cosas, almacenar y recuperar informaci\u00f3n sobre los h\u00e1bitos de navegaci\u00f3n de un usuario o de su equipo y, dependiendo de la informaci\u00f3n que contengan y de la forma en que utilice su equipo, pueden utilizarse para reconocer al usuario. Las cookies se asocian \u00fanicamente a un usuario an\u00f3nimo y su ordenador o dispositivo y no proporcionan referencias que permitan conocer sus datos personales.<\/p>\n\n\n\n<h2 class=\"nm-block-heading wp-block-heading\"><strong>Tipos de cookies<\/strong><\/h2>\n\n\n\n<h3 class=\"nm-block-heading wp-block-heading\"><strong>Seg\u00fan la entidad que la gestione<\/strong><\/h3>\n\n\n\n<ul class=\"nm-block-list wp-block-list\"><li><strong>Cookies propias<\/strong>: Son aqu\u00e9llas que se env\u00edan al equipo terminal del usuario desde un equipo o dominio gestionado por el propio editor y desde el que se presta el servicio Solicitado por el usuario.<\/li><li><strong>Cookies de terceros<\/strong>: Son aqu\u00e9llas que se env\u00edan al equipo terminal del usuario desde un equipo o dominio que no es gestionado por el editor, sino por otra entidad que trata los datos obtenidos trav\u00e9s de las cookies.<\/li><\/ul>\n\n\n\n<h3 class=\"nm-block-heading wp-block-heading\"><strong>Seg\u00fan el plazo de tiempo que permanecen activas<\/strong><\/h3>\n\n\n\n<ul class=\"nm-block-list wp-block-list\"><li><strong>Cookies de sesi\u00f3n<\/strong>: Son un tipo de cookies dise\u00f1adas para recabar y almacenar datos mientras el usuario accede a una p\u00e1gina web.<\/li><li><strong>Cookies persistentes<\/strong>: Son un tipo de cookies en el que los datos siguen almacenados en el terminal y pueden ser accedidos y tratados durante un periodo definido por el responsable de la cookie, y que puede ir de unos minutos a varios a\u00f1os.<\/li><\/ul>\n\n\n\n<h3 class=\"nm-block-heading wp-block-heading\"><strong>Seg\u00fan su finalidad<\/strong><\/h3>\n\n\n\n<ul class=\"nm-block-list wp-block-list\"><li><strong>Cookies t\u00e9cnicas<\/strong>: Son aqu\u00e9llas que permiten al usuario la navegaci\u00f3n a trav\u00e9s de una p\u00e1gina web, plataforma o aplicaci\u00f3n y la utilizaci\u00f3n de las diferentes opciones o servicios que en ella existan como, por ejemplo, controlar el tr\u00e1fico y la comunicaci\u00f3n de datos, identificar la sesi\u00f3n, acceder a partes de acceso restringido, recordar los elementos que integran un pedido, realizar el proceso de compra de un pedido, realizar la solicitud de inscripci\u00f3n o participaci\u00f3n en un evento, utilizar elementos de seguridad durante la navegaci\u00f3n, almacenar contenidos para la difusi\u00f3n de videos o sonido o compartir contenidos a trav\u00e9s de redes sociales.<\/li><li><strong>Cookies de personalizaci\u00f3n<\/strong>: Son aqu\u00e9llas que permiten al usuario acceder al servicio con algunas caracter\u00edsticas de car\u00e1cter general predefinidas en funci\u00f3n de una serie de criterios en el terminal del usuario como por ejemplo serian el idioma, el tipo de navegador a trav\u00e9s del cual accede al servicio, la configuraci\u00f3n regional desde donde accede al servicio, etc.<\/li><li><strong>Cookies de an\u00e1lisis<\/strong>: Son aqu\u00e9llas que bien tratadas por nosotros o por terceros, nos permiten cuantificar el n\u00famero de usuarios y as\u00ed realizar la medici\u00f3n y an\u00e1lisis estad\u00edstico de la utilizaci\u00f3n que hacen los usuarios del servicio ofertado. Para ello se analiza su navegaci\u00f3n en nuestra p\u00e1gina web con el fin de mejorar la oferta de productos o servicios que le ofrecemos.<\/li><li><strong>Cookies publicitarias<\/strong>: Son aqu\u00e9llas que permiten la gesti\u00f3n, de la forma m\u00e1s eficaz posible, de los espacios publicitarios que, en su caso, el editor haya incluido en una p\u00e1gina web, aplicaci\u00f3n o plataforma desde la que presta el servicio solicitado en base a criterios como el contenido editado o la frecuencia en la que se muestran los anuncios.<\/li><li><strong>Cookies de publicidad comportamental<\/strong>: Son aqu\u00e9llas que permiten la gesti\u00f3n, de la forma m\u00e1s eficaz posible, de los espacios publicitarios que, en su caso, el editor haya incluido en una p\u00e1gina web, aplicaci\u00f3n o plataforma desde la que presta el servicio solicitado. Estas cookies almacenan informaci\u00f3n del comportamiento de los usuarios obtenida a trav\u00e9s de la observaci\u00f3n continuada de sus h\u00e1bitos de navegaci\u00f3n, lo que permite desarrollar un perfil espec\u00edfico para mostrar publicidad en funci\u00f3n del mismo. Asimismo es posible que al visitar alguna p\u00e1gina web o al abrir alg\u00fan email donde se publique alg\u00fan anuncio o alguna promoci\u00f3n sobre nuestros productos o servicios se instale en tu navegador alguna cookie que nos sirve para mostrarte posteriormente publicidad relacionada con la b\u00fasqueda que hayas realizado, desarrollar un control de nuestros anuncios en relaci\u00f3n, por ejemplo, con el n\u00famero de veces que son vistos, donde aparecen, a qu\u00e9 hora se ven, etc.<\/li><\/ul>\n\n\n\n<h2 class=\"nm-block-heading wp-block-heading\"><strong>Tipos de cookies utilizadas por este sitio web<\/strong><\/h2>\n\n\n\n<p>La identificaci\u00f3n de qui\u00e9n utiliza las cookies, el tipo de cookies utilizadas y dem\u00e1s detalles, se indica a continuaci\u00f3n:<\/p>\n\n\n\n<h3 class=\"nm-block-heading wp-block-heading\"><strong>Cookies propias<\/strong><\/h3>\n\n\n\n<figure class=\"wp-block-table\"><table><tbody><tr><td class=\"has-text-align-center\" data-align=\"center\"><strong>Entidad que utiliza las cookies<\/strong><\/td><td class=\"has-text-align-center\" data-align=\"center\"><strong>Cookies<\/strong><\/td><td class=\"has-text-align-center\" data-align=\"center\"><strong>Prop\u00f3sito<\/strong><\/td><td class=\"has-text-align-center\" data-align=\"center\"><strong>Periodo de conservaci\u00f3n<\/strong><\/td><\/tr><tr><td class=\"has-text-align-center\" data-align=\"center\">El propietario de esta web<\/td><td class=\"has-text-align-center\" data-align=\"center\">woocommerce_cart_hash<\/td><td class=\"has-text-align-center\" data-align=\"center\">Ayuda a WooCommerce a determinar cu\u00e1ndo cambian el contenido \/ los datos del carrito<\/td><td class=\"has-text-align-center\" data-align=\"center\">Sesi\u00f3n<\/td><\/tr><tr><td class=\"has-text-align-center\" data-align=\"center\">El propietario de esta web<\/td><td class=\"has-text-align-center\" data-align=\"center\">wp-settings-time-1<\/td><td class=\"has-text-align-center\" data-align=\"center\"><em><em>Cookie<\/em>\u00a0de WordPress que identifica al usuario con un n\u00famero coincidente al que posee en la base de datos de usuarios de la web. Sirve para personalizar la vista de la interfaz de administraci\u00f3n, as\u00ed como la interfaz principal del sitio.<\/em><\/td><td class=\"has-text-align-center\" data-align=\"center\">1 a\u00f1o<\/td><\/tr><tr><td class=\"has-text-align-center\" data-align=\"center\">El propietario de esta web<\/td><td class=\"has-text-align-center\" data-align=\"center\">wp_woocommerce_session<\/td><td class=\"has-text-align-center\" data-align=\"center\">Contiene un c\u00f3digo \u00fanico para cada cliente para que sepa d\u00f3nde encontrar los datos del carrito en la base de datos de cada cliente.<\/td><td class=\"has-text-align-center\" data-align=\"center\">2 d\u00edas<\/td><\/tr><tr><td class=\"has-text-align-center\" data-align=\"center\">El propietario de esta web<\/td><td class=\"has-text-align-center\" data-align=\"center\">cookie_notice_accepted<\/td><td class=\"has-text-align-center\" data-align=\"center\">Cookie de uso interno necesaria para el funcionamiento de la visualizaci\u00f3n de la pol\u00edtica de cookies de la web. Esta cookie t\u00e9cnica nos permite conocer si ya se le ha mostrado el aviso de pol\u00edtica de cookies de nuestro Sitio Web para no mostrarlo de nuevo.<\/td><td class=\"has-text-align-center\" data-align=\"center\">1 mes<\/td><\/tr><tr><td class=\"has-text-align-center\" data-align=\"center\">El propietario de esta web<\/td><td class=\"has-text-align-center\" data-align=\"center\">woocommerce_items_in_cart<\/td><td class=\"has-text-align-center\" data-align=\"center\">Helps WooCommerce determine when cart contents\/data changes.<\/td><td class=\"has-text-align-center\" data-align=\"center\">Sesi\u00f3n<\/td><\/tr><tr><td class=\"has-text-align-center\" data-align=\"center\">El propietario de esta web<\/td><td class=\"has-text-align-center\" data-align=\"center\">wp-settings-1<\/td><td class=\"has-text-align-center\" data-align=\"center\"><em>Cookie<\/em>\u00a0de WordPress que identifica al usuario con un n\u00famero coincidente al que posee en la base de datos de usuarios de la web. Sirve para personalizar la vista de la interfaz de administraci\u00f3n, as\u00ed como la interfaz principal del sitio.<\/td><td class=\"has-text-align-center\" data-align=\"center\">1 a\u00f1o<\/td><\/tr><\/tbody><\/table><\/figure>\n\n\n\n<h3 class=\"nm-block-heading wp-block-heading\"><strong>Cookies de terceros<\/strong><\/h3>\n\n\n\n<figure class=\"wp-block-table\"><table><tbody><tr><td class=\"has-text-align-center\" data-align=\"center\"><strong>Entidad que utiliza las cookies<\/strong><\/td><td class=\"has-text-align-center\" data-align=\"center\"><strong>Prop\u00f3sito<\/strong><\/td><td class=\"has-text-align-center\" data-align=\"center\"><strong>M\u00e1s informaci\u00f3n<\/strong><\/td><\/tr><tr><td class=\"has-text-align-center\" data-align=\"center\">Google Analytics<\/td><td class=\"has-text-align-center\" data-align=\"center\">Recoger informaci\u00f3n sobre la navegaci\u00f3n de los usuarios por el sitio con el fin de conocer el origen de las visitas y otros datos similares a nivel estad\u00edstico.<\/td><td class=\"has-text-align-center\" data-align=\"center\"><a href=\"https:\/\/developers.google.com\/analytics\/devguides\/collection\/analyticsjs\/cookie-usage\" target=\"_blank\" rel=\"noreferrer noopener\">Google Analytics<\/a><br><a href=\"https:\/\/policies.google.com\/privacy?hl=es\" target=\"_blank\" rel=\"noreferrer noopener\">Centro de privacidad de Google<\/a><\/td><\/tr><tr><td class=\"has-text-align-center\" data-align=\"center\">Mailchimp<\/td><td class=\"has-text-align-center\" data-align=\"center\">Recoger informaci\u00f3n para enviar correos a los usuarios al suscribirse a la newsletter<\/td><td class=\"has-text-align-center\" data-align=\"center\"><\/td><\/tr><\/tbody><\/table><\/figure>\n\n\n\n<p>Nota: Las cookies de tipo \u201cPropias\u201d son utilizadas s\u00f3lo por el propietario de esta web y las cookies \u201cDe terceros\u201d son utilizadas, tambi\u00e9n, por el prestador del servicio que est\u00e1 detallado la tabla anterior.<\/p>\n\n\n\n<p>Puedes informarte de las transferencias a terceros pa\u00edses que, en su caso, realizan los terceros identificados en esta pol\u00edtica de cookies en sus correspondientes pol\u00edticas (ver los enlaces facilitados en el apartado \u201cM\u00e1s informaci\u00f3n\u201d de la tabla anterior).<\/p>\n\n\n\n<h2 class=\"nm-block-heading wp-block-heading\"><strong>\u00bfC\u00f3mo puedo desactivar o eliminar estas cookies?<\/strong><\/h2>\n\n\n\n<p>Puede usted permitir o bloquear las cookies, as\u00ed como borrar sus datos de navegaci\u00f3n (incluidas las cookies) desde el navegador que usted utiliza. Consulte las opciones e instrucciones que ofrece su navegador para ello. Tenga en cuenta que si acepta las cookies de terceros, deber\u00e1 eliminarlas desde las opciones del navegador.<\/p>\n\n\n\n<p>A continuaci\u00f3n tiene disponibles los enlaces con la informaci\u00f3n para gestionar las cookies de los navegadores m\u00e1s utilizados:<\/p>\n\n\n\n<ul class=\"nm-block-list wp-block-list\"><li><strong>Firefox<\/strong>: <a href=\"http:\/\/support.mozilla.org\/es\/kb\/habilitar-y-deshabilitar-cookies-que-los-sitios-we\" target=\"_blank\" rel=\"noreferrer noopener\">http:\/\/support.mozilla.org\/es\/kb\/habilitar-y-deshabilitar-cookies-que-los-sitios-we<\/a><\/li><li><strong>Chrome<\/strong>: <a href=\"http:\/\/support.google.com\/chrome\/bin\/answer.py?hl=es&amp;answer=95647\" target=\"_blank\" rel=\"noreferrer noopener\">http:\/\/support.google.com\/chrome\/bin\/answer.py?hl=es&amp;answer=95647<\/a><\/li><li><strong>Internet Explorer<\/strong>: <a href=\"https:\/\/support.microsoft.com\/es-es\/help\/278835\/how-to-delete-cookie-files-in-internet-explorer\" target=\"_blank\" rel=\"noreferrer noopener\">https:\/\/support.microsoft.com\/es-es\/help\/278835\/how-to-delete-cookie-files-in-internet-explorer<\/a><\/li><li><strong>Microsoft Edge:<\/strong> <a href=\"https:\/\/support.microsoft.com\/es-es\/help\/4468242\/microsoft-edge-browsing-data-and-privacy-microsoft-privacy\" target=\"_blank\" rel=\"noreferrer noopener\">https:\/\/support.microsoft.com\/es-es\/help\/4468242\/microsoft-edge-browsing-data-and-privacy-microsoft-privacy<\/a><\/li><li><strong>Safari<\/strong>: <a href=\"http:\/\/support.apple.com\/kb\/ph5042\" target=\"_blank\" rel=\"noreferrer noopener\">http:\/\/support.apple.com\/kb\/ph5042<\/a><\/li><li><strong>Opera<\/strong>: <a href=\"http:\/\/help.opera.com\/Windows\/11.50\/es-ES\/cookies.html\" target=\"_blank\" rel=\"noreferrer noopener\">http:\/\/help.opera.com\/Windows\/11.50\/es-ES\/cookies.html<\/a><\/li><li><strong>Otros navegadores<\/strong>: consulte la documentaci\u00f3n del navegador que tenga instalado.<\/li><\/ul>\n\n\n\n<h2 class=\"nm-block-heading wp-block-heading\"><strong>Complemento de inhabilitaci\u00f3n para navegadores de Google Analytics<\/strong><\/h2>\n\n\n\n<p>Si deseas rechazar las cookies anal\u00edticas de Google Analytics en todos los navegadores, de forma que no se env\u00ede informaci\u00f3n suya a Google Analytics, puedes descargar un complemento que realiza esta funci\u00f3n desde este enlace: <a href=\"https:\/\/tools.google.com\/dlpage\/gaoptout.\" target=\"_blank\" rel=\"noreferrer noopener\">https:\/\/tools.google.com\/dlpage\/gaoptout.<\/a><\/p>\n","protected":false},"excerpt":{"rendered":"<p>Antecedentes De conformidad con la normativa espa\u00f1ola que regula el uso de cookies en relaci\u00f3n a la prestaci\u00f3n de servicios de comunicaciones electr\u00f3nicas, recogida en el Real Decreto Ley 13\/2012 del 30 de marzo, le informamos sobre las cookies utilizadas en el sitio web de MARIA DOLORES MARTINEZ ABOLAFIA y el motivo de su uso. &hellip;<\/p>\n","protected":false},"author":2,"featured_media":0,"parent":0,"menu_order":0,"comment_status":"closed","ping_status":"closed","template":"","meta":{"footnotes":""},"class_list":["post-1322","page","type-page","status-publish","hentry"],"yoast_head":"<!-- This site is optimized with the Yoast SEO plugin v27.2 - https:\/\/yoast.com\/product\/yoast-seo-wordpress\/ -->\n<title>Pol\u00edtica de Cookies - El Taller<\/title>\n<meta name=\"robots\" content=\"index, follow, max-snippet:-1, max-image-preview:large, max-video-preview:-1\" \/>\n<link rel=\"canonical\" href=\"https:\/\/pinturaeltaller.com\/?page_id=1322\" \/>\n<meta property=\"og:locale\" content=\"es_ES\" \/>\n<meta property=\"og:type\" content=\"article\" \/>\n<meta property=\"og:title\" content=\"Pol\u00edtica de Cookies - El Taller\" \/>\n<meta property=\"og:description\" content=\"Antecedentes De conformidad con la normativa espa\u00f1ola que regula el uso de cookies en relaci\u00f3n a la prestaci\u00f3n de servicios de comunicaciones electr\u00f3nicas, recogida en el Real Decreto Ley 13\/2012 del 30 de marzo, le informamos sobre las cookies utilizadas en el sitio web de MARIA DOLORES MARTINEZ ABOLAFIA y el motivo de su uso. &hellip;\" \/>\n<meta property=\"og:url\" content=\"https:\/\/pinturaeltaller.com\/?page_id=1322\" \/>\n<meta property=\"og:site_name\" content=\"El Taller\" \/>\n<meta property=\"article:modified_time\" content=\"2021-03-17T08:36:36+00:00\" \/>\n<meta name=\"twitter:card\" content=\"summary_large_image\" \/>\n<meta name=\"twitter:label1\" content=\"Tiempo de lectura\" \/>\n\t<meta name=\"twitter:data1\" content=\"7 minutos\" \/>\n<script type=\"application\/ld+json\" class=\"yoast-schema-graph\">{\"@context\":\"https:\/\/schema.org\",\"@graph\":[{\"@type\":\"WebPage\",\"@id\":\"https:\/\/pinturaeltaller.com\/?page_id=1322\",\"url\":\"https:\/\/pinturaeltaller.com\/?page_id=1322\",\"name\":\"Pol\u00edtica de Cookies - El Taller\",\"isPartOf\":{\"@id\":\"https:\/\/pinturaeltaller.com\/#website\"},\"datePublished\":\"2020-11-16T09:06:19+00:00\",\"dateModified\":\"2021-03-17T08:36:36+00:00\",\"breadcrumb\":{\"@id\":\"https:\/\/pinturaeltaller.com\/?page_id=1322#breadcrumb\"},\"inLanguage\":\"es\",\"potentialAction\":[{\"@type\":\"ReadAction\",\"target\":[\"https:\/\/pinturaeltaller.com\/?page_id=1322\"]}]},{\"@type\":\"BreadcrumbList\",\"@id\":\"https:\/\/pinturaeltaller.com\/?page_id=1322#breadcrumb\",\"itemListElement\":[{\"@type\":\"ListItem\",\"position\":1,\"name\":\"Portada\",\"item\":\"https:\/\/pinturaeltaller.com\/\"},{\"@type\":\"ListItem\",\"position\":2,\"name\":\"Pol\u00edtica de Cookies\"}]},{\"@type\":\"WebSite\",\"@id\":\"https:\/\/pinturaeltaller.com\/#website\",\"url\":\"https:\/\/pinturaeltaller.com\/\",\"name\":\"El Taller\",\"description\":\"Pintura enyesada al agua para todas las superficies.Restauracion de muebles.Texturas y acabados.\",\"potentialAction\":[{\"@type\":\"SearchAction\",\"target\":{\"@type\":\"EntryPoint\",\"urlTemplate\":\"https:\/\/pinturaeltaller.com\/?s={search_term_string}\"},\"query-input\":{\"@type\":\"PropertyValueSpecification\",\"valueRequired\":true,\"valueName\":\"search_term_string\"}}],\"inLanguage\":\"es\"}]}<\/script>\n<!-- \/ Yoast SEO plugin. -->","yoast_head_json":{"title":"Pol\u00edtica de Cookies - El Taller","robots":{"index":"index","follow":"follow","max-snippet":"max-snippet:-1","max-image-preview":"max-image-preview:large","max-video-preview":"max-video-preview:-1"},"canonical":"https:\/\/pinturaeltaller.com\/?page_id=1322","og_locale":"es_ES","og_type":"article","og_title":"Pol\u00edtica de Cookies - El Taller","og_description":"Antecedentes De conformidad con la normativa espa\u00f1ola que regula el uso de cookies en relaci\u00f3n a la prestaci\u00f3n de servicios de comunicaciones electr\u00f3nicas, recogida en el Real Decreto Ley 13\/2012 del 30 de marzo, le informamos sobre las cookies utilizadas en el sitio web de MARIA DOLORES MARTINEZ ABOLAFIA y el motivo de su uso. &hellip;","og_url":"https:\/\/pinturaeltaller.com\/?page_id=1322","og_site_name":"El Taller","article_modified_time":"2021-03-17T08:36:36+00:00","twitter_card":"summary_large_image","twitter_misc":{"Tiempo de lectura":"7 minutos"},"schema":{"@context":"https:\/\/schema.org","@graph":[{"@type":"WebPage","@id":"https:\/\/pinturaeltaller.com\/?page_id=1322","url":"https:\/\/pinturaeltaller.com\/?page_id=1322","name":"Pol\u00edtica de Cookies - El Taller","isPartOf":{"@id":"https:\/\/pinturaeltaller.com\/#website"},"datePublished":"2020-11-16T09:06:19+00:00","dateModified":"2021-03-17T08:36:36+00:00","breadcrumb":{"@id":"https:\/\/pinturaeltaller.com\/?page_id=1322#breadcrumb"},"inLanguage":"es","potentialAction":[{"@type":"ReadAction","target":["https:\/\/pinturaeltaller.com\/?page_id=1322"]}]},{"@type":"BreadcrumbList","@id":"https:\/\/pinturaeltaller.com\/?page_id=1322#breadcrumb","itemListElement":[{"@type":"ListItem","position":1,"name":"Portada","item":"https:\/\/pinturaeltaller.com\/"},{"@type":"ListItem","position":2,"name":"Pol\u00edtica de Cookies"}]},{"@type":"WebSite","@id":"https:\/\/pinturaeltaller.com\/#website","url":"https:\/\/pinturaeltaller.com\/","name":"El Taller","description":"Pintura enyesada al agua para todas las superficies.Restauracion de muebles.Texturas y acabados.","potentialAction":[{"@type":"SearchAction","target":{"@type":"EntryPoint","urlTemplate":"https:\/\/pinturaeltaller.com\/?s={search_term_string}"},"query-input":{"@type":"PropertyValueSpecification","valueRequired":true,"valueName":"search_term_string"}}],"inLanguage":"es"}]}},"jetpack_sharing_enabled":true,"_links":{"self":[{"href":"https:\/\/pinturaeltaller.com\/index.php?rest_route=\/wp\/v2\/pages\/1322","targetHints":{"allow":["GET"]}}],"collection":[{"href":"https:\/\/pinturaeltaller.com\/index.php?rest_route=\/wp\/v2\/pages"}],"about":[{"href":"https:\/\/pinturaeltaller.com\/index.php?rest_route=\/wp\/v2\/types\/page"}],"author":[{"embeddable":true,"href":"https:\/\/pinturaeltaller.com\/index.php?rest_route=\/wp\/v2\/users\/2"}],"replies":[{"embeddable":true,"href":"https:\/\/pinturaeltaller.com\/index.php?rest_route=%2Fwp%2Fv2%2Fcomments&post=1322"}],"version-history":[{"count":5,"href":"https:\/\/pinturaeltaller.com\/index.php?rest_route=\/wp\/v2\/pages\/1322\/revisions"}],"predecessor-version":[{"id":1799,"href":"https:\/\/pinturaeltaller.com\/index.php?rest_route=\/wp\/v2\/pages\/1322\/revisions\/1799"}],"wp:attachment":[{"href":"https:\/\/pinturaeltaller.com\/index.php?rest_route=%2Fwp%2Fv2%2Fmedia&parent=1322"}],"curies":[{"name":"wp","href":"https:\/\/api.w.org\/{rel}","templated":true}]}}