{"id":3,"date":"2020-04-30T16:54:45","date_gmt":"2020-04-30T16:54:45","guid":{"rendered":"https:\/\/pinturaeltaller.com\/?page_id=3"},"modified":"2021-03-17T08:05:46","modified_gmt":"2021-03-17T08:05:46","slug":"politica-privacidad","status":"publish","type":"page","link":"https:\/\/pinturaeltaller.com\/?page_id=3","title":{"rendered":"Pol\u00edtica de privacidad"},"content":{"rendered":"\n<p>Nuestra Pol\u00edtica de Privacidad se ha dise\u00f1ado de acuerdo con <strong>Ley Org\u00e1nica 3\/2018 de protecci\u00f3n de datos de car\u00e1cter personal y garant\u00eda de los derechos digitales y el Reglamento General de Protecci\u00f3n de Datos de la UE 2016\/679 del Parlamento Europeo<\/strong> y del Consejo, de 27 de abril de 2016, relativo a la protecci\u00f3n de las personas f\u00edsicas en lo que respecta al tratamiento de datos personales y a la libre circulaci\u00f3n de estos datos.<\/p>\n\n\n\n<p>Al facilitarnos sus datos, Usted declara haber le\u00eddo y conocer la presente Pol\u00edtica de Privacidad, prestando su consentimiento inequ\u00edvoco y expreso al tratamiento de sus datos personales de acuerdo a las finalidades y t\u00e9rminos aqu\u00ed expresados.<\/p>\n\n\n\n<p>La Empresa podr\u00e1 modificar la presente Pol\u00edtica de Privacidad para adaptarla a las novedades legislativas, jurisprudenciales o de interpretaci\u00f3n de la Agencia Espa\u00f1ola de Protecci\u00f3n de Datos. Estas condiciones de privacidad podr\u00e1n ser complementadas por el Aviso Legal, Pol\u00edtica de Cookies y las Condiciones Generales que, en su caso, se recojan para determinados productos o servicios, si dicho acceso supone alguna especialidad en materia de protecci\u00f3n de datos de car\u00e1cter personal.<\/p>\n\n\n\n<h2 class=\"nm-block-heading wp-block-heading\"><strong>Responsable<\/strong><\/h2>\n\n\n\n<p>Los datos personales que nos proporciona son incorporados a un tratamiento de datos personales cuyo responsable es:<\/p>\n\n\n\n<p>MARIA DOLORES MARTINEZ ABOLAFIA<br>CALLE SANTA RAFAELA DEL SAGRADO CORAZON 3<br>14012 &#8211; CORDOBA (CORDOBA)<br>CIF: 30828870S<\/p>\n\n\n\n<h2 class=\"nm-block-heading wp-block-heading\"><strong>Finalidad y uso de los datos<\/strong><\/h2>\n\n\n\n<p>La recogida y tratamiento de sus datos personales se produce con las siguientes finalidades:<\/p>\n\n\n\n<h3 class=\"nm-block-heading wp-block-heading\"><strong>Prestaci\u00f3n de servicios<\/strong><\/h3>\n\n\n\n<ul class=\"nm-block-list wp-block-list\"><li>Realizar la contrataci\u00f3n de nuestros servicios mediante la aceptaci\u00f3n del correspondiente presupuesto \/ pedido y\/o la firma de un contrato mercantil.<\/li><li>Proporcionarle informaci\u00f3n relacionada con los productos y servicios que ofrece nuestra empresa y que detallan en este web site.<\/li><li>Realizar la facturaci\u00f3n de los productos y\/o servicios contratados.<\/li><li>Para la gesti\u00f3n administrativa, comercial, fiscal y contable de la empresa.<\/li><\/ul>\n\n\n\n<p>En este caso, los datos tratados ser\u00e1n datos de identificaci\u00f3n (nombre, apellidos, direcci\u00f3n, c\u00f3digo postal, localidad, provincia, NIF, correo electr\u00f3nico, tel\u00e9fono, m\u00f3vil) y datos bancarios para la gesti\u00f3n de pago y cobro.<\/p>\n\n\n\n<h3 class=\"nm-block-heading wp-block-heading\"><strong>Marketing<\/strong><\/h3>\n\n\n\n<p>Mantenerle informado sobre nuestras promociones, novedades, eventos y otras noticias que puedan ser de su inter\u00e9s. Los datos que se tratar\u00e1n: nombre, apellidos, correo electr\u00f3nico.<\/p>\n\n\n\n<h3 class=\"nm-block-heading wp-block-heading\"><strong>Atenci\u00f3n a los derechos de las personas<\/strong><\/h3>\n\n\n\n<p>Atender las solicitudes de los interesados en el ejercicio de los derechos que establece el Reglamento General de Protecci\u00f3n de Datos.<\/p>\n\n\n\n<p>En MARIA DOLORES MARTINEZ ABOLAFIA tratamos sus datos de manera l\u00edcita, leal, transparente, adecuada, pertinente, limitada, exacta y actualizada. Es por ello que nos comprometemos a adoptar todas las medidas razonables para que estos datos se supriman o rectifiquen sin dilaci\u00f3n cuando sean inexactos.<\/p>\n\n\n\n<h2 class=\"nm-block-heading wp-block-heading\"><strong>Base Jur\u00eddica del Tratamiento y Plazo de conservaci\u00f3n<\/strong><\/h2>\n\n\n\n<h3 class=\"nm-block-heading wp-block-heading\"><strong>Ejecuci\u00f3n de un contrato<\/strong><\/h3>\n\n\n\n<p>Sus datos ser\u00e1n necesarios para la relaci\u00f3n contractual, el no facilitar estos datos supone la imposibilidad de prestar el servicio solicitado, realizar compras, atender a las solicitudes de informaci\u00f3n, etc.<\/p>\n\n\n\n<p>Los datos se conservar\u00e1n mientras dure la relaci\u00f3n contractual.<\/p>\n\n\n\n<h3 class=\"nm-block-heading wp-block-heading\"><strong>Obligaciones legales<\/strong><\/h3>\n\n\n\n<p>En MARIA DOLORES MARTINEZ ABOLAFIA debemos cumplir con una serie de obligaciones legales para lo que es necesario el tratamiento de sus datos, por ejemplo la emisi\u00f3n de las facturas o presentaci\u00f3n de impuestos a la administraci\u00f3n p\u00fablica o para atender los derechos que no solicite.<\/p>\n\n\n\n<p>Los datos se conservar\u00e1n durante los plazos legamente exigidos.<\/p>\n\n\n\n<h3 class=\"nm-block-heading wp-block-heading\"><strong>Consentimiento<\/strong><\/h3>\n\n\n\n<p>La remisi\u00f3n del curr\u00edculum es voluntaria por lo que se entiende que usted consiente expresamente el tratamiento de sus datos por parte de nuestra entidad.<\/p>\n\n\n\n<p>En el caso de que le enviemos por email, sms o cualquier otro medio electr\u00f3nico material de marketing (promociones, novedades, etc.) contaremos con su consentimiento.<br>Los datos ser\u00e1n conservados mientras no nos solicite su baja.<\/p>\n\n\n\n<p>Le informamos que tendr\u00e1 derecho a retirar su consentimiento en cualquier momento, sin que ello afecte a la licitud del tratamiento basado en el consentimiento previo a su retirada.<\/p>\n\n\n\n<h3 class=\"nm-block-heading wp-block-heading\"><strong>Inter\u00e9s leg\u00edtimo del responsable o de un tercero<\/strong><\/h3>\n\n\n\n<p>Nos asiste un inter\u00e9s leg\u00edtimo para el tratamiento de los datos de contacto y, en su caso, los relativos a la funci\u00f3n o puesto desempe\u00f1ado, de las personas f\u00edsicas que presten servicios en una persona jur\u00eddica, cuando el tratamiento se refiera \u00fanicamente a los datos necesarios para su localizaci\u00f3n profesional y que la finalidad del tratamiento sea \u00fanicamente mantener relaciones de cualquier \u00edndole con la persona jur\u00eddica en la que el afectado preste sus servicios.<\/p>\n\n\n\n<p>Para garantizar su seguridad y la de nuestras instalaciones podemos recoger su imagen a trav\u00e9s de c\u00e1maras de video vigilancia.<\/p>\n\n\n\n<p>Estas im\u00e1genes ser\u00e1n suprimidas en el plazo de un mes.<\/p>\n\n\n\n<h2 class=\"nm-block-heading wp-block-heading\"><strong>Decisiones automatizas y elaboraci\u00f3n de perfiles<\/strong><\/h2>\n\n\n\n<p>No se tomar\u00e1n decisiones automatizadas incluyendo la elaboraci\u00f3n de perfiles.<\/p>\n\n\n\n<h2 class=\"nm-block-heading wp-block-heading\"><strong>Comunicaci\u00f3n de tus datos<\/strong><\/h2>\n\n\n\n<p>MARIA DOLORES MARTINEZ ABOLAFIA podr\u00e1 facilitar sus datos a otras entidades relacionadas con el responsable del tratamiento denominadas Encargados del Tratamiento, como: asesor\u00eda contable y fiscal, proveedores de servicios, bancos y otras entidades financieras. etc.<\/p>\n\n\n\n<p>Tambi\u00e9n podremos comunicar los datos a administraciones y organismos p\u00fablicos para el cumplimiento de obligaciones legales (por ejemplo a la Agencia Tributaria, Fuerzas y cuerpos de seguridad del Estado).<\/p>\n\n\n\n<h2 class=\"nm-block-heading wp-block-heading\"><strong>Transferencias Internacionales de datos<\/strong><\/h2>\n\n\n\n<p>No est\u00e1n previstas las transferencias internacionales de datos.<\/p>\n\n\n\n<h2 class=\"nm-block-heading wp-block-heading\"><strong>Derechos<\/strong><\/h2>\n\n\n\n<p>Puede ejercer los siguientes derechos:<\/p>\n\n\n\n<ul class=\"nm-block-list wp-block-list\"><li>Derecho a solicitar el acceso a sus datos personales.<\/li><li>Derecho a solicitar su rectificaci\u00f3n o supresi\u00f3n.<\/li><li>Derecho a solicitar la limitaci\u00f3n de su tratamiento.<\/li><li>Derecho a oponerse al tratamiento.<\/li><li>Derecho a la portabilidad de los datos.<\/li><li>Derecho a retirar el consentimiento prestado.<\/li><\/ul>\n\n\n\n<p>Cualquier persona tiene derecho a obtener confirmaci\u00f3n sobre si en MARIA DOLORES MARTINEZ ABOLAFIA estamos tratando datos personales que les conciernan, o no. Las personas interesadas tienen derecho a acceder a sus datos personales, as\u00ed como a solicitar la rectificaci\u00f3n de los datos inexactos o, en su caso, solicitar su supresi\u00f3n cuando, entre otros motivos, los datos ya no sean necesarios para los fines que fueron recogidos.<\/p>\n\n\n\n<p>En determinadas circunstancias, los interesados podr\u00e1n solicitar la limitaci\u00f3n del tratamiento de sus datos, en cuyo caso \u00fanicamente los conservaremos para el ejercicio o la defensa de reclamaciones. En determinadas circunstancias y por motivos relacionados con su situaci\u00f3n particular, los interesados podr\u00e1n oponerse al tratamiento de sus datos. En este caso, la entidad, dejar\u00e1 de tratar los datos, salvo por motivos leg\u00edtimos imperiosos, o el ejercicio o la defensa de posibles reclamaciones.<\/p>\n\n\n\n<p>Para ello podr\u00e1 emplear los formularios habilitados por la empresa, o bien dirigir un escrito, adjuntando copia de su DNI, a:<\/p>\n\n\n\n<p>MARIA DOLORES MARTINEZ ABOLAFIA<br>CALLE SANTA RAFAELA DEL SAGRADO CORAZON 3<br>14012 &#8211; CORDOBA (CORDOBA)<br>Email: mdmabolafia@hotmail.com<\/p>\n\n\n\n<p>En caso de que sienta vulnerados sus derechos en lo concerniente a la protecci\u00f3n de sus datos personales, especialmente cuando no haya obtenido satisfacci\u00f3n en el ejercicio de sus derechos, puede presentar una reclamaci\u00f3n ante la Autoridad de Control en materia de Protecci\u00f3n de Datos competente a trav\u00e9s de su sitio web: www.agpd.es.<\/p>\n\n\n\n<h2 class=\"nm-block-heading wp-block-heading\"><strong>Procedencia de los datos<\/strong><\/h2>\n\n\n\n<p>Los datos personales que se tratan proceden directamente del usuario.<\/p>\n","protected":false},"excerpt":{"rendered":"<p>Nuestra Pol\u00edtica de Privacidad se ha dise\u00f1ado de acuerdo con Ley Org\u00e1nica 3\/2018 de protecci\u00f3n de datos de car\u00e1cter personal y garant\u00eda de los derechos digitales y el Reglamento General de Protecci\u00f3n de Datos de la UE 2016\/679 del Parlamento Europeo y del Consejo, de 27 de abril de 2016, relativo a la protecci\u00f3n de &hellip;<\/p>\n","protected":false},"author":2,"featured_media":0,"parent":0,"menu_order":0,"comment_status":"closed","ping_status":"closed","template":"","meta":{"footnotes":""},"class_list":["post-3","page","type-page","status-publish","hentry"],"yoast_head":"<!-- This site is optimized with the Yoast SEO plugin v27.2 - https:\/\/yoast.com\/product\/yoast-seo-wordpress\/ -->\n<title>Pol\u00edtica de privacidad - El Taller<\/title>\n<meta name=\"robots\" content=\"index, follow, max-snippet:-1, max-image-preview:large, max-video-preview:-1\" \/>\n<link rel=\"canonical\" href=\"https:\/\/pinturaeltaller.com\/?page_id=3\" \/>\n<meta property=\"og:locale\" content=\"es_ES\" \/>\n<meta property=\"og:type\" content=\"article\" \/>\n<meta property=\"og:title\" content=\"Pol\u00edtica de privacidad - El Taller\" \/>\n<meta property=\"og:description\" content=\"Nuestra Pol\u00edtica de Privacidad se ha dise\u00f1ado de acuerdo con Ley Org\u00e1nica 3\/2018 de protecci\u00f3n de datos de car\u00e1cter personal y garant\u00eda de los derechos digitales y el Reglamento General de Protecci\u00f3n de Datos de la UE 2016\/679 del Parlamento Europeo y del Consejo, de 27 de abril de 2016, relativo a la protecci\u00f3n de &hellip;\" \/>\n<meta property=\"og:url\" content=\"https:\/\/pinturaeltaller.com\/?page_id=3\" \/>\n<meta property=\"og:site_name\" content=\"El Taller\" \/>\n<meta property=\"article:modified_time\" content=\"2021-03-17T08:05:46+00:00\" \/>\n<meta name=\"twitter:card\" content=\"summary_large_image\" \/>\n<meta name=\"twitter:label1\" content=\"Tiempo de lectura\" \/>\n\t<meta name=\"twitter:data1\" content=\"6 minutos\" \/>\n<script type=\"application\/ld+json\" class=\"yoast-schema-graph\">{\"@context\":\"https:\/\/schema.org\",\"@graph\":[{\"@type\":\"WebPage\",\"@id\":\"https:\/\/pinturaeltaller.com\/?page_id=3\",\"url\":\"https:\/\/pinturaeltaller.com\/?page_id=3\",\"name\":\"Pol\u00edtica de privacidad - El Taller\",\"isPartOf\":{\"@id\":\"https:\/\/pinturaeltaller.com\/#website\"},\"datePublished\":\"2020-04-30T16:54:45+00:00\",\"dateModified\":\"2021-03-17T08:05:46+00:00\",\"breadcrumb\":{\"@id\":\"https:\/\/pinturaeltaller.com\/?page_id=3#breadcrumb\"},\"inLanguage\":\"es\",\"potentialAction\":[{\"@type\":\"ReadAction\",\"target\":[\"https:\/\/pinturaeltaller.com\/?page_id=3\"]}]},{\"@type\":\"BreadcrumbList\",\"@id\":\"https:\/\/pinturaeltaller.com\/?page_id=3#breadcrumb\",\"itemListElement\":[{\"@type\":\"ListItem\",\"position\":1,\"name\":\"Portada\",\"item\":\"https:\/\/pinturaeltaller.com\/\"},{\"@type\":\"ListItem\",\"position\":2,\"name\":\"Pol\u00edtica de privacidad\"}]},{\"@type\":\"WebSite\",\"@id\":\"https:\/\/pinturaeltaller.com\/#website\",\"url\":\"https:\/\/pinturaeltaller.com\/\",\"name\":\"El Taller\",\"description\":\"Pintura enyesada al agua para todas las superficies.Restauracion de muebles.Texturas y acabados.\",\"potentialAction\":[{\"@type\":\"SearchAction\",\"target\":{\"@type\":\"EntryPoint\",\"urlTemplate\":\"https:\/\/pinturaeltaller.com\/?s={search_term_string}\"},\"query-input\":{\"@type\":\"PropertyValueSpecification\",\"valueRequired\":true,\"valueName\":\"search_term_string\"}}],\"inLanguage\":\"es\"}]}<\/script>\n<!-- \/ Yoast SEO plugin. -->","yoast_head_json":{"title":"Pol\u00edtica de privacidad - El Taller","robots":{"index":"index","follow":"follow","max-snippet":"max-snippet:-1","max-image-preview":"max-image-preview:large","max-video-preview":"max-video-preview:-1"},"canonical":"https:\/\/pinturaeltaller.com\/?page_id=3","og_locale":"es_ES","og_type":"article","og_title":"Pol\u00edtica de privacidad - El Taller","og_description":"Nuestra Pol\u00edtica de Privacidad se ha dise\u00f1ado de acuerdo con Ley Org\u00e1nica 3\/2018 de protecci\u00f3n de datos de car\u00e1cter personal y garant\u00eda de los derechos digitales y el Reglamento General de Protecci\u00f3n de Datos de la UE 2016\/679 del Parlamento Europeo y del Consejo, de 27 de abril de 2016, relativo a la protecci\u00f3n de &hellip;","og_url":"https:\/\/pinturaeltaller.com\/?page_id=3","og_site_name":"El Taller","article_modified_time":"2021-03-17T08:05:46+00:00","twitter_card":"summary_large_image","twitter_misc":{"Tiempo de lectura":"6 minutos"},"schema":{"@context":"https:\/\/schema.org","@graph":[{"@type":"WebPage","@id":"https:\/\/pinturaeltaller.com\/?page_id=3","url":"https:\/\/pinturaeltaller.com\/?page_id=3","name":"Pol\u00edtica de privacidad - El Taller","isPartOf":{"@id":"https:\/\/pinturaeltaller.com\/#website"},"datePublished":"2020-04-30T16:54:45+00:00","dateModified":"2021-03-17T08:05:46+00:00","breadcrumb":{"@id":"https:\/\/pinturaeltaller.com\/?page_id=3#breadcrumb"},"inLanguage":"es","potentialAction":[{"@type":"ReadAction","target":["https:\/\/pinturaeltaller.com\/?page_id=3"]}]},{"@type":"BreadcrumbList","@id":"https:\/\/pinturaeltaller.com\/?page_id=3#breadcrumb","itemListElement":[{"@type":"ListItem","position":1,"name":"Portada","item":"https:\/\/pinturaeltaller.com\/"},{"@type":"ListItem","position":2,"name":"Pol\u00edtica de privacidad"}]},{"@type":"WebSite","@id":"https:\/\/pinturaeltaller.com\/#website","url":"https:\/\/pinturaeltaller.com\/","name":"El Taller","description":"Pintura enyesada al agua para todas las superficies.Restauracion de muebles.Texturas y acabados.","potentialAction":[{"@type":"SearchAction","target":{"@type":"EntryPoint","urlTemplate":"https:\/\/pinturaeltaller.com\/?s={search_term_string}"},"query-input":{"@type":"PropertyValueSpecification","valueRequired":true,"valueName":"search_term_string"}}],"inLanguage":"es"}]}},"jetpack_sharing_enabled":true,"_links":{"self":[{"href":"https:\/\/pinturaeltaller.com\/index.php?rest_route=\/wp\/v2\/pages\/3","targetHints":{"allow":["GET"]}}],"collection":[{"href":"https:\/\/pinturaeltaller.com\/index.php?rest_route=\/wp\/v2\/pages"}],"about":[{"href":"https:\/\/pinturaeltaller.com\/index.php?rest_route=\/wp\/v2\/types\/page"}],"author":[{"embeddable":true,"href":"https:\/\/pinturaeltaller.com\/index.php?rest_route=\/wp\/v2\/users\/2"}],"replies":[{"embeddable":true,"href":"https:\/\/pinturaeltaller.com\/index.php?rest_route=%2Fwp%2Fv2%2Fcomments&post=3"}],"version-history":[{"count":1,"href":"https:\/\/pinturaeltaller.com\/index.php?rest_route=\/wp\/v2\/pages\/3\/revisions"}],"predecessor-version":[{"id":1796,"href":"https:\/\/pinturaeltaller.com\/index.php?rest_route=\/wp\/v2\/pages\/3\/revisions\/1796"}],"wp:attachment":[{"href":"https:\/\/pinturaeltaller.com\/index.php?rest_route=%2Fwp%2Fv2%2Fmedia&parent=3"}],"curies":[{"name":"wp","href":"https:\/\/api.w.org\/{rel}","templated":true}]}}