{"id":757,"date":"2015-08-11T16:02:41","date_gmt":"2015-08-11T16:02:41","guid":{"rendered":"http:\/\/savoy.nordicmade.com\/?page_id=11"},"modified":"2026-04-10T09:08:15","modified_gmt":"2026-04-10T09:08:15","slug":"home","status":"publish","type":"page","link":"https:\/\/pinturaeltaller.com\/","title":{"rendered":"Home"},"content":{"rendered":"<div class=\"wpb-content-wrapper\"><p>[vc_row type=\u00bbboxed\u00bb equal_height=\u00bbyes\u00bb css=\u00bb.vc_custom_1612973429912{margin-bottom: 15px !important;}\u00bb el_id=\u00bbcabecera-banner\u00bb][vc_column width=\u00bb1\/2&#8243;]\r\n\t\t\t<div class=\"nm-banner content-full image-type-css text-color-light subtitle-below alt-mobile-layout\" style=\"\"><a href=\"https:\/\/pinturaeltaller.com\/el-taller\/\" class=\"nm-banner-link nm-banner-link-full\"><div class=\"nm-banner-image\" style=\"height:80vh; background-image:url(https:\/\/pinturaeltaller.com\/wp-content\/uploads\/2021\/01\/Eltallerpinturas-0067-scaled.jpg);\"><\/div>\r\n\t\t\t\t<div class=\"nm-banner-content\">\r\n\t\t\t\t\t<div class=\"nm-banner-content-inner h_center v_center align_left\">\r\n\t\t\t\t\t\t<div class=\"nm-banner-text medium\" style=\" padding:0 20%;\">\r\n\t\t\t\t\t\t\t<div class=\"nm-banner-text-inner\"><h2 class=\"nm-banner-title\">Azul cobalto<\/h2><\/div>\r\n\t\t\t\t\t\t<\/div>\r\n\t\t\t\t\t<\/div>\r\n\t\t\t\t<\/div><\/a>\r\n\t\t\t<\/div>[\/vc_column][vc_column width=\u00bb1\/2&#8243; css=\u00bb.vc_custom_1612180477159{background-position: center !important;background-repeat: no-repeat !important;background-size: contain !important;}\u00bb]\r\n\t\t\t<div class=\"nm-banner content-full image-type-css text-color-light subtitle-below\" style=\"\"><a href=\"https:\/\/pinturaeltaller.com\/inspiracion\/\" class=\"nm-banner-link nm-banner-link-full\"><div class=\"nm-banner-image\" style=\"height:80vh; background-image:url(https:\/\/pinturaeltaller.com\/wp-content\/uploads\/2020\/11\/coloresdelacompania.jpg);\"><\/div>\r\n\t\t\t\t<div class=\"nm-banner-content\">\r\n\t\t\t\t\t<div class=\"nm-banner-content-inner h_center v_center align_center\">\r\n\t\t\t\t\t\t<div class=\"nm-banner-text medium\" style=\"\">\r\n\t\t\t\t\t\t\t<div class=\"nm-banner-text-inner\"><h2 class=\"nm-banner-title\">Inspiraci\u00f3n<\/h2><\/div>\r\n\t\t\t\t\t\t<\/div>\r\n\t\t\t\t\t<\/div>\r\n\t\t\t\t<\/div><\/a>\r\n\t\t\t<\/div>[\/vc_column][\/vc_row][vc_row css=\u00bb.vc_custom_1612972736343{margin-top: 20px !important;}\u00bb][vc_column][vc_column_text]<\/p>\n<h3 style=\"text-align: center; color: #035c67;\">LA CASA Y EL TALLER<\/h3>\n<p>[\/vc_column_text][vc_column_text]<\/p>\n<p style=\"text-align: center;\">Cada casa un relato. Cada pintura, un viaje a los cinco sentidos. Nuestras pinturas, inspiradas en el campo andaluz, est\u00e1n hechas a mano en Espa\u00f1a. Colores que evocan tiempos de antes y texturas que hacen de hoy tu casa \u00fanica, contenedora incansable de recuerdos, momentos y nuevos relatos. Cada d\u00eda, una vida.<br \/>\nHoy una mirada contempor\u00e1nea, al savoir faire de antes.<\/p>\n<p>[\/vc_column_text][\/vc_column][\/vc_row][vc_row css=\u00bb.vc_custom_1612973787513{margin-top: 20px !important;}\u00bb][vc_column width=\u00bb2\/3&#8243; css=\u00bb.vc_custom_1612974195894{margin-top: 10px !important;}\u00bb]\r\n\t\t\t<div class=\"nm-banner content-boxed image-type-css text-color-light subtitle-below\" style=\"\"><a href=\"https:\/\/pinturaeltaller.com\/medidas-y-tamanos\/\" class=\"nm-banner-link nm-banner-link-full\"><div class=\"nm-banner-image\" style=\"height:50vh; background-image:url(https:\/\/pinturaeltaller.com\/wp-content\/uploads\/2021\/02\/Eltallerpinturas-0099-1-scaled.jpg);\"><\/div>\r\n\t\t\t\t<div class=\"nm-banner-content\">\r\n\t\t\t\t\t<div class=\"nm-banner-content-inner h_center v_center align_center\">\r\n\t\t\t\t\t\t<div class=\"nm-banner-text medium\" style=\"\">\r\n\t\t\t\t\t\t\t<div class=\"nm-banner-text-inner\"><h2 class=\"nm-banner-title\">Medidas y tama\u00f1os<\/h2><\/div>\r\n\t\t\t\t\t\t<\/div>\r\n\t\t\t\t\t<\/div>\r\n\t\t\t\t<\/div><\/a>\r\n\t\t\t<\/div>[\/vc_column][vc_column width=\u00bb1\/3&#8243; css=\u00bb.vc_custom_1612974202501{margin-top: 10px !important;}\u00bb]\r\n\t\t\t<div class=\"nm-banner content-boxed image-type-css text-color-light subtitle-below\" style=\"\"><a href=\"https:\/\/pinturaeltaller.com\/la-paleta\/\" class=\"nm-banner-link nm-banner-link-full\"><div class=\"nm-banner-image\" style=\"height:50vh; background-image:url(https:\/\/pinturaeltaller.com\/wp-content\/uploads\/2021\/02\/Eltallerpinturas-0050-scaled.jpg);\"><\/div>\r\n\t\t\t\t<div class=\"nm-banner-content\">\r\n\t\t\t\t\t<div class=\"nm-banner-content-inner h_center v_center align_center\">\r\n\t\t\t\t\t\t<div class=\"nm-banner-text medium\" style=\"\">\r\n\t\t\t\t\t\t\t<div class=\"nm-banner-text-inner\"><h2 class=\"nm-banner-title\">Paleta<\/h2><\/div>\r\n\t\t\t\t\t\t<\/div>\r\n\t\t\t\t\t<\/div>\r\n\t\t\t\t<\/div><\/a>\r\n\t\t\t<\/div>[\/vc_column][\/vc_row][vc_row css=\u00bb.vc_custom_1612973787513{margin-top: 20px !important;}\u00bb][vc_column width=\u00bb1\/3&#8243; css=\u00bb.vc_custom_1612974195894{margin-top: 10px !important;}\u00bb]\r\n\t\t\t<div class=\"nm-banner content-boxed image-type-css text-color-light subtitle-below\" style=\"\"><a href=\"https:\/\/pinturaeltaller.com\/acabados\/\" class=\"nm-banner-link nm-banner-link-full\"><div class=\"nm-banner-image\" style=\"height:50vh; background-image:url(https:\/\/pinturaeltaller.com\/wp-content\/uploads\/2021\/02\/20201022_113808-scaled.jpg);\"><\/div>\r\n\t\t\t\t<div class=\"nm-banner-content\">\r\n\t\t\t\t\t<div class=\"nm-banner-content-inner h_center v_center align_left\">\r\n\t\t\t\t\t\t<div class=\"nm-banner-text medium\" style=\"\">\r\n\t\t\t\t\t\t\t<div class=\"nm-banner-text-inner\"><h2 class=\"nm-banner-title\">Acabados<\/h2><\/div>\r\n\t\t\t\t\t\t<\/div>\r\n\t\t\t\t\t<\/div>\r\n\t\t\t\t<\/div><\/a>\r\n\t\t\t<\/div>[\/vc_column][vc_column width=\u00bb2\/3&#8243; css=\u00bb.vc_custom_1612974202501{margin-top: 10px !important;}\u00bb]\r\n\t\t\t<div class=\"nm-banner content-boxed image-type-css text-color-light subtitle-below\" style=\"\"><a href=\"https:\/\/pinturaeltaller.com\/tienda\/\" class=\"nm-banner-link nm-banner-link-full\"><div class=\"nm-banner-image\" style=\"height:50vh; background-image:url(https:\/\/pinturaeltaller.com\/wp-content\/uploads\/2021\/02\/Fotografias-Macarena-Gross-0248-scaled.jpg);\"><\/div>\r\n\t\t\t\t<div class=\"nm-banner-content\">\r\n\t\t\t\t\t<div class=\"nm-banner-content-inner h_center v_center align_center\">\r\n\t\t\t\t\t\t<div class=\"nm-banner-text medium\" style=\"\">\r\n\t\t\t\t\t\t\t<div class=\"nm-banner-text-inner\"><h2 class=\"nm-banner-title\">Colores hechos a mano<\/h2><\/div>\r\n\t\t\t\t\t\t<\/div>\r\n\t\t\t\t\t<\/div>\r\n\t\t\t\t<\/div><\/a>\r\n\t\t\t<\/div>[\/vc_column][\/vc_row][vc_row][vc_column][vc_empty_space height=\u00bb30px\u00bb][vc_column_text]<\/p>\n<p style=\"text-align: center;\">S\u00edguenos en Instagram<\/p>\n<p>[\/vc_column_text][vc_custom_heading text=\u00bb@pinturaeltaller\u00bb font_container=\u00bbtag:h2|font_size:24px|text_align:center|color:%23035c67&#8243; google_fonts=\u00bbfont_family:Lato%3A100%2C100italic%2C300%2C300italic%2Cregular%2Citalic%2C700%2C700italic%2C900%2C900italic|font_style:700%20bold%20regular%3A700%3Anormal\u00bb][vc_empty_space height=\u00bb30px\u00bb][\/vc_column][\/vc_row]<\/p>\n<\/div>","protected":false},"excerpt":{"rendered":"<p>[vc_row type=\u00bbboxed\u00bb equal_height=\u00bbyes\u00bb css=\u00bb.vc_custom_1612973429912{margin-bottom: 15px !important;}\u00bb el_id=\u00bbcabecera-banner\u00bb][vc_column width=\u00bb1\/2&#8243;][\/vc_column][vc_column width=\u00bb1\/2&#8243; css=\u00bb.vc_custom_1612180477159{background-position: center !important;background-repeat: no-repeat !important;background-size: contain !important;}\u00bb][\/vc_column][\/vc_row][vc_row css=\u00bb.vc_custom_1612972736343{margin-top: 20px !important;}\u00bb][vc_column][vc_column_text] LA CASA Y EL TALLER [\/vc_column_text][vc_column_text] Cada casa un relato. Cada pintura, un viaje a los cinco sentidos. Nuestras pinturas, inspiradas en el campo andaluz, est\u00e1n hechas a mano en Espa\u00f1a. Colores que evocan tiempos de &hellip;<\/p>\n","protected":false},"author":2,"featured_media":0,"parent":0,"menu_order":0,"comment_status":"closed","ping_status":"closed","template":"","meta":{"footnotes":""},"class_list":["post-757","page","type-page","status-publish","hentry"],"yoast_head":"<!-- This site is optimized with the Yoast SEO plugin v27.2 - https:\/\/yoast.com\/product\/yoast-seo-wordpress\/ -->\n<title>Home - El Taller<\/title>\n<meta name=\"description\" content=\"Pintura el taller trabaja con pinturas enyesadas al agua de una calidad insuperable. Utiliza tonos inspirados en la naturaleza en la campi\u00f1a andaluza, con tonos desgastados, otros m\u00e1s luminosos y una cuidada paleta que permite despertar los cinco sentidos\" \/>\n<meta name=\"robots\" content=\"index, follow, max-snippet:-1, max-image-preview:large, max-video-preview:-1\" \/>\n<link rel=\"canonical\" href=\"https:\/\/pinturaeltaller.com\/\" \/>\n<meta property=\"og:locale\" content=\"es_ES\" \/>\n<meta property=\"og:type\" content=\"article\" \/>\n<meta property=\"og:title\" content=\"Home - El Taller\" \/>\n<meta property=\"og:description\" content=\"Pintura el taller trabaja con pinturas enyesadas al agua de una calidad insuperable. Utiliza tonos inspirados en la naturaleza en la campi\u00f1a andaluza, con tonos desgastados, otros m\u00e1s luminosos y una cuidada paleta que permite despertar los cinco sentidos\" \/>\n<meta property=\"og:url\" content=\"https:\/\/pinturaeltaller.com\/\" \/>\n<meta property=\"og:site_name\" content=\"El Taller\" \/>\n<meta property=\"article:modified_time\" content=\"2026-04-10T09:08:15+00:00\" \/>\n<meta name=\"twitter:card\" content=\"summary_large_image\" \/>\n<meta name=\"twitter:label1\" content=\"Tiempo de lectura\" \/>\n\t<meta name=\"twitter:data1\" content=\"1 minuto\" \/>\n<script type=\"application\/ld+json\" class=\"yoast-schema-graph\">{\"@context\":\"https:\/\/schema.org\",\"@graph\":[{\"@type\":\"WebPage\",\"@id\":\"https:\/\/pinturaeltaller.com\/\",\"url\":\"https:\/\/pinturaeltaller.com\/\",\"name\":\"Home - El Taller\",\"isPartOf\":{\"@id\":\"https:\/\/pinturaeltaller.com\/#website\"},\"datePublished\":\"2015-08-11T16:02:41+00:00\",\"dateModified\":\"2026-04-10T09:08:15+00:00\",\"description\":\"Pintura el taller trabaja con pinturas enyesadas al agua de una calidad insuperable. Utiliza tonos inspirados en la naturaleza en la campi\u00f1a andaluza, con tonos desgastados, otros m\u00e1s luminosos y una cuidada paleta que permite despertar los cinco sentidos\",\"breadcrumb\":{\"@id\":\"https:\/\/pinturaeltaller.com\/#breadcrumb\"},\"inLanguage\":\"es\",\"potentialAction\":[{\"@type\":\"ReadAction\",\"target\":[\"https:\/\/pinturaeltaller.com\/\"]}]},{\"@type\":\"BreadcrumbList\",\"@id\":\"https:\/\/pinturaeltaller.com\/#breadcrumb\",\"itemListElement\":[{\"@type\":\"ListItem\",\"position\":1,\"name\":\"Portada\",\"item\":\"https:\/\/pinturaeltaller.com\/\"},{\"@type\":\"ListItem\",\"position\":2,\"name\":\"Home\"}]},{\"@type\":\"WebSite\",\"@id\":\"https:\/\/pinturaeltaller.com\/#website\",\"url\":\"https:\/\/pinturaeltaller.com\/\",\"name\":\"El Taller\",\"description\":\"Pintura enyesada al agua para todas las superficies.Restauracion de muebles.Texturas y acabados.\",\"potentialAction\":[{\"@type\":\"SearchAction\",\"target\":{\"@type\":\"EntryPoint\",\"urlTemplate\":\"https:\/\/pinturaeltaller.com\/?s={search_term_string}\"},\"query-input\":{\"@type\":\"PropertyValueSpecification\",\"valueRequired\":true,\"valueName\":\"search_term_string\"}}],\"inLanguage\":\"es\"}]}<\/script>\n<!-- \/ Yoast SEO plugin. -->","yoast_head_json":{"title":"Home - El Taller","description":"Pintura el taller trabaja con pinturas enyesadas al agua de una calidad insuperable. Utiliza tonos inspirados en la naturaleza en la campi\u00f1a andaluza, con tonos desgastados, otros m\u00e1s luminosos y una cuidada paleta que permite despertar los cinco sentidos","robots":{"index":"index","follow":"follow","max-snippet":"max-snippet:-1","max-image-preview":"max-image-preview:large","max-video-preview":"max-video-preview:-1"},"canonical":"https:\/\/pinturaeltaller.com\/","og_locale":"es_ES","og_type":"article","og_title":"Home - El Taller","og_description":"Pintura el taller trabaja con pinturas enyesadas al agua de una calidad insuperable. Utiliza tonos inspirados en la naturaleza en la campi\u00f1a andaluza, con tonos desgastados, otros m\u00e1s luminosos y una cuidada paleta que permite despertar los cinco sentidos","og_url":"https:\/\/pinturaeltaller.com\/","og_site_name":"El Taller","article_modified_time":"2026-04-10T09:08:15+00:00","twitter_card":"summary_large_image","twitter_misc":{"Tiempo de lectura":"1 minuto"},"schema":{"@context":"https:\/\/schema.org","@graph":[{"@type":"WebPage","@id":"https:\/\/pinturaeltaller.com\/","url":"https:\/\/pinturaeltaller.com\/","name":"Home - El Taller","isPartOf":{"@id":"https:\/\/pinturaeltaller.com\/#website"},"datePublished":"2015-08-11T16:02:41+00:00","dateModified":"2026-04-10T09:08:15+00:00","description":"Pintura el taller trabaja con pinturas enyesadas al agua de una calidad insuperable. Utiliza tonos inspirados en la naturaleza en la campi\u00f1a andaluza, con tonos desgastados, otros m\u00e1s luminosos y una cuidada paleta que permite despertar los cinco sentidos","breadcrumb":{"@id":"https:\/\/pinturaeltaller.com\/#breadcrumb"},"inLanguage":"es","potentialAction":[{"@type":"ReadAction","target":["https:\/\/pinturaeltaller.com\/"]}]},{"@type":"BreadcrumbList","@id":"https:\/\/pinturaeltaller.com\/#breadcrumb","itemListElement":[{"@type":"ListItem","position":1,"name":"Portada","item":"https:\/\/pinturaeltaller.com\/"},{"@type":"ListItem","position":2,"name":"Home"}]},{"@type":"WebSite","@id":"https:\/\/pinturaeltaller.com\/#website","url":"https:\/\/pinturaeltaller.com\/","name":"El Taller","description":"Pintura enyesada al agua para todas las superficies.Restauracion de muebles.Texturas y acabados.","potentialAction":[{"@type":"SearchAction","target":{"@type":"EntryPoint","urlTemplate":"https:\/\/pinturaeltaller.com\/?s={search_term_string}"},"query-input":{"@type":"PropertyValueSpecification","valueRequired":true,"valueName":"search_term_string"}}],"inLanguage":"es"}]}},"jetpack_sharing_enabled":true,"_links":{"self":[{"href":"https:\/\/pinturaeltaller.com\/index.php?rest_route=\/wp\/v2\/pages\/757","targetHints":{"allow":["GET"]}}],"collection":[{"href":"https:\/\/pinturaeltaller.com\/index.php?rest_route=\/wp\/v2\/pages"}],"about":[{"href":"https:\/\/pinturaeltaller.com\/index.php?rest_route=\/wp\/v2\/types\/page"}],"author":[{"embeddable":true,"href":"https:\/\/pinturaeltaller.com\/index.php?rest_route=\/wp\/v2\/users\/2"}],"replies":[{"embeddable":true,"href":"https:\/\/pinturaeltaller.com\/index.php?rest_route=%2Fwp%2Fv2%2Fcomments&post=757"}],"version-history":[{"count":82,"href":"https:\/\/pinturaeltaller.com\/index.php?rest_route=\/wp\/v2\/pages\/757\/revisions"}],"predecessor-version":[{"id":1993,"href":"https:\/\/pinturaeltaller.com\/index.php?rest_route=\/wp\/v2\/pages\/757\/revisions\/1993"}],"wp:attachment":[{"href":"https:\/\/pinturaeltaller.com\/index.php?rest_route=%2Fwp%2Fv2%2Fmedia&parent=757"}],"curies":[{"name":"wp","href":"https:\/\/api.w.org\/{rel}","templated":true}]}}