{"id":825,"date":"2018-08-06T17:33:04","date_gmt":"2018-08-06T17:33:04","guid":{"rendered":"http:\/\/192.168.1.2\/wp-export\/my-account\/"},"modified":"2018-08-06T17:33:04","modified_gmt":"2018-08-06T17:33:04","slug":"my-account-2","status":"publish","type":"page","link":"https:\/\/pinturaeltaller.com\/?page_id=825","title":{"rendered":"My account"},"content":{"rendered":"<div class=\"woocommerce\">\r\n<div class=\"woocommerce-notices-wrapper\"><\/div>\r\n<div id=\"customer_login\" class=\"nm-myaccount-login\">\r\n    <div class=\"nm-myaccount-login-inner\">\r\n\t\t\r\n        <div id=\"nm-login-wrap\" class=\"inline slide-up fade-in\">\r\n            <h2>Acceso<\/h2>\r\n    \r\n            <form method=\"post\" class=\"login\">\r\n    \t\t\t\r\n                                \r\n                    \r\n                <p class=\"form-row form-row-wide\">\r\n                    <label for=\"username\">Nombre de usuario o correo electr\u00f3nico <span class=\"required\">*<\/span><\/label>\r\n                    <input type=\"text\" class=\"woocommerce-Input woocommerce-Input--text input-text\" name=\"username\" id=\"username\" value=\"\" \/>\r\n                <\/p>\r\n                <p class=\"form-row form-row-wide\">\r\n                    <label for=\"password\">Contrase\u00f1a <span class=\"required\">*<\/span><\/label>\r\n                    <input class=\"input-text\" type=\"password\" name=\"password\" id=\"password\" \/>\r\n                <\/p>\r\n    \r\n                                \r\n                <p class=\"form-row form-group\">\r\n                    <label class=\"woocommerce-form__label woocommerce-form__label-for-checkbox woocommerce-form-login__rememberme inline\">\r\n                        <input class=\"woocommerce-form__input woocommerce-form__input-checkbox\" name=\"rememberme\" type=\"checkbox\" id=\"rememberme\" value=\"forever\" \/> <span>Recu\u00e9rdame<\/span>\r\n                    <\/label>\r\n                    \r\n                    <span class=\"woocommerce-LostPassword lost_password\">\r\n                        <a href=\"https:\/\/pinturaeltaller.com\/?page_id=825&#038;lost-password\">\u00bfOlvidaste la contrase\u00f1a?<\/a>\r\n                    <\/span>\r\n                <\/p>\r\n                \r\n                <p class=\"form-actions\">\r\n                    <input type=\"hidden\" id=\"woocommerce-login-nonce\" name=\"woocommerce-login-nonce\" value=\"6bba325643\" \/><input type=\"hidden\" name=\"_wp_http_referer\" value=\"\/index.php?rest_route=%2Fwp%2Fv2%2Fpages%2F825\" \/>                 \r\n                    <button type=\"submit\" class=\"woocommerce-Button button\" name=\"login\" value=\"Acceso\">Acceso<\/button>\r\n                    \r\n                                    <\/p>\r\n                \r\n                    \r\n            <\/form>\r\n        <\/div>\r\n\r\n        \r\n            \r\n    <\/div>\r\n<\/div>\r\n<\/div>\n","protected":false},"excerpt":{"rendered":"Acceso Nombre de usuario o correo electr\u00f3nico * Contrase\u00f1a * Recu\u00e9rdame \u00bfOlvidaste la contrase\u00f1a? Acceso","protected":false},"author":2,"featured_media":0,"parent":0,"menu_order":0,"comment_status":"closed","ping_status":"closed","template":"","meta":{"footnotes":""},"class_list":["post-825","page","type-page","status-publish","hentry"],"yoast_head":"<!-- This site is optimized with the Yoast SEO plugin v27.2 - https:\/\/yoast.com\/product\/yoast-seo-wordpress\/ -->\n<title>My account - El Taller<\/title>\n<meta name=\"robots\" content=\"index, follow, max-snippet:-1, max-image-preview:large, max-video-preview:-1\" \/>\n<link rel=\"canonical\" href=\"https:\/\/pinturaeltaller.com\/?page_id=825\" \/>\n<meta property=\"og:locale\" content=\"es_ES\" \/>\n<meta property=\"og:type\" content=\"article\" \/>\n<meta property=\"og:title\" content=\"My account - El Taller\" \/>\n<meta property=\"og:url\" content=\"https:\/\/pinturaeltaller.com\/?page_id=825\" \/>\n<meta property=\"og:site_name\" content=\"El Taller\" \/>\n<meta name=\"twitter:card\" content=\"summary_large_image\" \/>\n<script type=\"application\/ld+json\" class=\"yoast-schema-graph\">{\"@context\":\"https:\/\/schema.org\",\"@graph\":[{\"@type\":\"WebPage\",\"@id\":\"https:\/\/pinturaeltaller.com\/?page_id=825\",\"url\":\"https:\/\/pinturaeltaller.com\/?page_id=825\",\"name\":\"My account - El Taller\",\"isPartOf\":{\"@id\":\"https:\/\/pinturaeltaller.com\/#website\"},\"datePublished\":\"2018-08-06T17:33:04+00:00\",\"breadcrumb\":{\"@id\":\"https:\/\/pinturaeltaller.com\/?page_id=825#breadcrumb\"},\"inLanguage\":\"es\",\"potentialAction\":[{\"@type\":\"ReadAction\",\"target\":[\"https:\/\/pinturaeltaller.com\/?page_id=825\"]}]},{\"@type\":\"BreadcrumbList\",\"@id\":\"https:\/\/pinturaeltaller.com\/?page_id=825#breadcrumb\",\"itemListElement\":[{\"@type\":\"ListItem\",\"position\":1,\"name\":\"Portada\",\"item\":\"https:\/\/pinturaeltaller.com\/\"},{\"@type\":\"ListItem\",\"position\":2,\"name\":\"My account\"}]},{\"@type\":\"WebSite\",\"@id\":\"https:\/\/pinturaeltaller.com\/#website\",\"url\":\"https:\/\/pinturaeltaller.com\/\",\"name\":\"El Taller\",\"description\":\"Pintura enyesada al agua para todas las superficies.Restauracion de muebles.Texturas y acabados.\",\"potentialAction\":[{\"@type\":\"SearchAction\",\"target\":{\"@type\":\"EntryPoint\",\"urlTemplate\":\"https:\/\/pinturaeltaller.com\/?s={search_term_string}\"},\"query-input\":{\"@type\":\"PropertyValueSpecification\",\"valueRequired\":true,\"valueName\":\"search_term_string\"}}],\"inLanguage\":\"es\"}]}<\/script>\n<!-- \/ Yoast SEO plugin. -->","yoast_head_json":{"title":"My account - El Taller","robots":{"index":"index","follow":"follow","max-snippet":"max-snippet:-1","max-image-preview":"max-image-preview:large","max-video-preview":"max-video-preview:-1"},"canonical":"https:\/\/pinturaeltaller.com\/?page_id=825","og_locale":"es_ES","og_type":"article","og_title":"My account - El Taller","og_url":"https:\/\/pinturaeltaller.com\/?page_id=825","og_site_name":"El Taller","twitter_card":"summary_large_image","schema":{"@context":"https:\/\/schema.org","@graph":[{"@type":"WebPage","@id":"https:\/\/pinturaeltaller.com\/?page_id=825","url":"https:\/\/pinturaeltaller.com\/?page_id=825","name":"My account - El Taller","isPartOf":{"@id":"https:\/\/pinturaeltaller.com\/#website"},"datePublished":"2018-08-06T17:33:04+00:00","breadcrumb":{"@id":"https:\/\/pinturaeltaller.com\/?page_id=825#breadcrumb"},"inLanguage":"es","potentialAction":[{"@type":"ReadAction","target":["https:\/\/pinturaeltaller.com\/?page_id=825"]}]},{"@type":"BreadcrumbList","@id":"https:\/\/pinturaeltaller.com\/?page_id=825#breadcrumb","itemListElement":[{"@type":"ListItem","position":1,"name":"Portada","item":"https:\/\/pinturaeltaller.com\/"},{"@type":"ListItem","position":2,"name":"My account"}]},{"@type":"WebSite","@id":"https:\/\/pinturaeltaller.com\/#website","url":"https:\/\/pinturaeltaller.com\/","name":"El Taller","description":"Pintura enyesada al agua para todas las superficies.Restauracion de muebles.Texturas y acabados.","potentialAction":[{"@type":"SearchAction","target":{"@type":"EntryPoint","urlTemplate":"https:\/\/pinturaeltaller.com\/?s={search_term_string}"},"query-input":{"@type":"PropertyValueSpecification","valueRequired":true,"valueName":"search_term_string"}}],"inLanguage":"es"}]}},"jetpack_sharing_enabled":true,"_links":{"self":[{"href":"https:\/\/pinturaeltaller.com\/index.php?rest_route=\/wp\/v2\/pages\/825","targetHints":{"allow":["GET"]}}],"collection":[{"href":"https:\/\/pinturaeltaller.com\/index.php?rest_route=\/wp\/v2\/pages"}],"about":[{"href":"https:\/\/pinturaeltaller.com\/index.php?rest_route=\/wp\/v2\/types\/page"}],"author":[{"embeddable":true,"href":"https:\/\/pinturaeltaller.com\/index.php?rest_route=\/wp\/v2\/users\/2"}],"replies":[{"embeddable":true,"href":"https:\/\/pinturaeltaller.com\/index.php?rest_route=%2Fwp%2Fv2%2Fcomments&post=825"}],"version-history":[{"count":0,"href":"https:\/\/pinturaeltaller.com\/index.php?rest_route=\/wp\/v2\/pages\/825\/revisions"}],"wp:attachment":[{"href":"https:\/\/pinturaeltaller.com\/index.php?rest_route=%2Fwp%2Fv2%2Fmedia&parent=825"}],"curies":[{"name":"wp","href":"https:\/\/api.w.org\/{rel}","templated":true}]}}